{"id":12944,"date":"2022-06-17T12:48:12","date_gmt":"2022-06-17T10:48:12","guid":{"rendered":"https:\/\/www.sandiafashion.com\/soyfruterofashion\/"},"modified":"2024-03-14T17:24:15","modified_gmt":"2024-03-14T16:24:15","slug":"ich-moechte-ein-fashion-obst-verkaeufer-sein","status":"publish","type":"page","link":"https:\/\/www.sandiafashion.com\/de\/ich-moechte-ein-fashion-obst-verkaeufer-sein\/","title":{"rendered":"Ich m\u00f6chte ein Fashion Obst Verk\u00e4ufer sein"},"content":{"rendered":"\t\t<div data-elementor-type=\"wp-page\" data-elementor-id=\"12944\" class=\"elementor elementor-12944 elementor-11922\" data-elementor-post-type=\"page\">\n\t\t\t\t\t\t<section class=\"elementor-section elementor-top-section elementor-element elementor-element-a34e6f2 elementor-section-full_width elementor-section-height-min-height elementor-section-items-top elementor-section-height-default\" data-id=\"a34e6f2\" data-element_type=\"section\" data-e-type=\"section\" data-settings=\"{&quot;background_background&quot;:&quot;classic&quot;}\">\n\t\t\t\t\t\t<div class=\"elementor-container elementor-column-gap-default\">\n\t\t\t\t\t<div class=\"elementor-column elementor-col-100 elementor-top-column elementor-element elementor-element-6295fe6\" data-id=\"6295fe6\" data-element_type=\"column\" data-e-type=\"column\">\n\t\t\t<div class=\"elementor-widget-wrap elementor-element-populated\">\n\t\t\t\t\t\t<div class=\"elementor-element elementor-element-8cd1807 elementor-invisible elementor-widget elementor-widget-heading\" data-id=\"8cd1807\" data-element_type=\"widget\" data-e-type=\"widget\" data-settings=\"{&quot;_animation&quot;:&quot;slideInLeft&quot;}\" data-widget_type=\"heading.default\">\n\t\t\t\t<div class=\"elementor-widget-container\">\n\t\t\t\t\t<h1 class=\"elementor-heading-title elementor-size-default\">Ich bin ein Obsthain<\/h1>\t\t\t\t<\/div>\n\t\t\t\t<\/div>\n\t\t\t\t\t<\/div>\n\t\t<\/div>\n\t\t\t\t\t<\/div>\n\t\t<\/section>\n\t\t\t\t<section class=\"elementor-section elementor-top-section elementor-element elementor-element-d14eaa1 elementor-section-boxed elementor-section-height-default elementor-section-height-default\" data-id=\"d14eaa1\" data-element_type=\"section\" data-e-type=\"section\">\n\t\t\t\t\t\t<div class=\"elementor-container elementor-column-gap-default\">\n\t\t\t\t\t<div class=\"elementor-column elementor-col-100 elementor-top-column elementor-element elementor-element-e7f48d3\" data-id=\"e7f48d3\" data-element_type=\"column\" data-e-type=\"column\">\n\t\t\t<div class=\"elementor-widget-wrap elementor-element-populated\">\n\t\t\t\t\t\t<div class=\"elementor-element elementor-element-9454a16 elementor-widget elementor-widget-breadcrumbs\" data-id=\"9454a16\" data-element_type=\"widget\" data-e-type=\"widget\" data-widget_type=\"breadcrumbs.default\">\n\t\t\t\t<div class=\"elementor-widget-container\">\n\t\t\t\t\t<p id=\"breadcrumbs\"><span><span><a href=\"https:\/\/www.sandiafashion.com\/de\/\">Startseite<\/a><\/span><\/span><\/p>\t\t\t\t<\/div>\n\t\t\t\t<\/div>\n\t\t\t\t\t<\/div>\n\t\t<\/div>\n\t\t\t\t\t<\/div>\n\t\t<\/section>\n\t\t\t\t<section class=\"elementor-section elementor-top-section elementor-element elementor-element-22c3b16 elementor-section-boxed elementor-section-height-default elementor-section-height-default\" data-id=\"22c3b16\" data-element_type=\"section\" data-e-type=\"section\" data-settings=\"{&quot;background_background&quot;:&quot;classic&quot;}\">\n\t\t\t\t\t\t<div class=\"elementor-container elementor-column-gap-default\">\n\t\t\t\t\t<div class=\"elementor-column elementor-col-50 elementor-top-column elementor-element elementor-element-fcad5a3\" data-id=\"fcad5a3\" data-element_type=\"column\" data-e-type=\"column\">\n\t\t\t<div class=\"elementor-widget-wrap elementor-element-populated\">\n\t\t\t\t\t\t<div class=\"elementor-element elementor-element-65eca02 elementor-invisible elementor-widget elementor-widget-heading\" data-id=\"65eca02\" data-element_type=\"widget\" data-e-type=\"widget\" data-settings=\"{&quot;_animation&quot;:&quot;slideInLeft&quot;}\" data-widget_type=\"heading.default\">\n\t\t\t\t<div class=\"elementor-widget-container\">\n\t\t\t\t\t<p class=\"elementor-heading-title elementor-size-default\">DU BIST EIN<\/p>\t\t\t\t<\/div>\n\t\t\t\t<\/div>\n\t\t\t\t<div class=\"elementor-element elementor-element-cc39f0c elementor-invisible elementor-widget elementor-widget-heading\" data-id=\"cc39f0c\" data-element_type=\"widget\" data-e-type=\"widget\" data-settings=\"{&quot;_animation&quot;:&quot;slideInLeft&quot;}\" data-widget_type=\"heading.default\">\n\t\t\t\t<div class=\"elementor-widget-container\">\n\t\t\t\t\t<p class=\"elementor-heading-title elementor-size-default\">FASHION OBSTVERK\u00c4UFER ODER?<\/p>\t\t\t\t<\/div>\n\t\t\t\t<\/div>\n\t\t\t\t<div class=\"elementor-element elementor-element-85092f4 elementor-widget elementor-widget-text-editor\" data-id=\"85092f4\" data-element_type=\"widget\" data-e-type=\"widget\" data-widget_type=\"text-editor.default\">\n\t\t\t\t<div class=\"elementor-widget-container\">\n\t\t\t\t\t\t\t\t\t<strong>#SOYFRUTEROFASHION<\/strong>, ist ein Projekt, das unseren Gem\u00fcseh\u00e4ndlern noch n\u00e4her sein soll, worauf warten Sie noch? F\u00fcllen Sie dieses einfache Formular aus und werden Sie Teil unserer Community.\r\n\r\n<strong>Nur f\u00fcr die Registrierung erhalten Sie ein Fashion Kit<\/strong> mit recycelbaren Taschen zum Verteilen an Ihre Kunden und Materialien f\u00fcr Ihr Unternehmen. Unter allen eingegangenen Anfragen verlosen wir tolle Geschenke.\r\n\r\n<strong>Nicht vergessen! Being Fashion hat einen Preis, <\/strong>ein Willkommenspaket mit 20 T\u00fcten und einem Aufkleber.\t\t\t\t\t\t\t\t<\/div>\n\t\t\t\t<\/div>\n\t\t\t\t<div class=\"elementor-element elementor-element-fe816fc elementor-widget elementor-widget-image\" data-id=\"fe816fc\" data-element_type=\"widget\" data-e-type=\"widget\" data-widget_type=\"image.default\">\n\t\t\t\t<div class=\"elementor-widget-container\">\n\t\t\t\t\t\t\t\t\t\t\t\t\t\t\t<img fetchpriority=\"high\" decoding=\"async\" width=\"1767\" height=\"2500\" src=\"https:\/\/www.sandiafashion.com\/wp-content\/uploads\/2022\/06\/bolsa_fruteros.png\" class=\"attachment-full size-full wp-image-12567\" alt=\"\" srcset=\"https:\/\/www.sandiafashion.com\/wp-content\/uploads\/2022\/06\/bolsa_fruteros.png 1767w, https:\/\/www.sandiafashion.com\/wp-content\/uploads\/2022\/06\/bolsa_fruteros-212x300.png 212w, https:\/\/www.sandiafashion.com\/wp-content\/uploads\/2022\/06\/bolsa_fruteros-724x1024.png 724w, https:\/\/www.sandiafashion.com\/wp-content\/uploads\/2022\/06\/bolsa_fruteros-768x1087.png 768w, https:\/\/www.sandiafashion.com\/wp-content\/uploads\/2022\/06\/bolsa_fruteros-1086x1536.png 1086w, https:\/\/www.sandiafashion.com\/wp-content\/uploads\/2022\/06\/bolsa_fruteros-1448x2048.png 1448w\" sizes=\"(max-width: 1767px) 100vw, 1767px\" \/>\t\t\t\t\t\t\t\t\t\t\t\t\t\t\t<\/div>\n\t\t\t\t<\/div>\n\t\t\t\t<div class=\"elementor-element elementor-element-d626816 elementor-widget elementor-widget-image\" data-id=\"d626816\" data-element_type=\"widget\" data-e-type=\"widget\" data-settings=\"{&quot;_animation&quot;:&quot;none&quot;}\" data-widget_type=\"image.default\">\n\t\t\t\t<div class=\"elementor-widget-container\">\n\t\t\t\t\t\t\t\t\t\t\t\t\t\t\t<img decoding=\"async\" width=\"1166\" height=\"1185\" src=\"https:\/\/www.sandiafashion.com\/wp-content\/uploads\/2022\/06\/pegatina.png\" class=\"attachment-full size-full wp-image-12572\" alt=\"\" srcset=\"https:\/\/www.sandiafashion.com\/wp-content\/uploads\/2022\/06\/pegatina.png 1166w, https:\/\/www.sandiafashion.com\/wp-content\/uploads\/2022\/06\/pegatina-295x300.png 295w, https:\/\/www.sandiafashion.com\/wp-content\/uploads\/2022\/06\/pegatina-1008x1024.png 1008w, https:\/\/www.sandiafashion.com\/wp-content\/uploads\/2022\/06\/pegatina-768x781.png 768w\" sizes=\"(max-width: 1166px) 100vw, 1166px\" loading=\"lazy\" \/>\t\t\t\t\t\t\t\t\t\t\t\t\t\t\t<\/div>\n\t\t\t\t<\/div>\n\t\t\t\t\t<\/div>\n\t\t<\/div>\n\t\t\t\t<div class=\"elementor-column elementor-col-50 elementor-top-column elementor-element elementor-element-aa3270c\" data-id=\"aa3270c\" data-element_type=\"column\" data-e-type=\"column\" data-settings=\"{&quot;background_background&quot;:&quot;classic&quot;}\">\n\t\t\t<div class=\"elementor-widget-wrap elementor-element-populated\">\n\t\t\t\t\t\t<div class=\"elementor-element elementor-element-dbdd1bc elementor-widget elementor-widget-shortcode\" data-id=\"dbdd1bc\" data-element_type=\"widget\" data-e-type=\"widget\" data-widget_type=\"shortcode.default\">\n\t\t\t\t<div class=\"elementor-widget-container\">\n\t\t\t\t\t\t\t<div class=\"elementor-shortcode\">[iframe src=\"https:\/\/oneeverywhere.com\/fashion\/fashion.html\" width=\"100%\" height=\"1200px\"]<\/div>\n\t\t\t\t\t\t<\/div>\n\t\t\t\t<\/div>\n\t\t\t\t\t<\/div>\n\t\t<\/div>\n\t\t\t\t\t<\/div>\n\t\t<\/section>\n\t\t\t\t<\/div>\n\t\t","protected":false},"excerpt":{"rendered":"<p>Ich bin ein Obsthain DU BIST EIN FASHION OBSTVERK\u00c4UFER ODER? #SOYFRUTEROFASHION, ist ein Projekt, das unseren Gem\u00fcseh\u00e4ndlern noch n\u00e4her sein soll, worauf warten Sie noch? F\u00fcllen Sie dieses einfache Formular aus und werden Sie Teil unserer Community. Nur f\u00fcr die Registrierung erhalten Sie ein Fashion Kit mit recycelbaren Taschen zum Verteilen an Ihre Kunden und [&hellip;]<\/p>\n","protected":false},"author":10,"featured_media":0,"parent":0,"menu_order":0,"comment_status":"closed","ping_status":"closed","template":"elementor_header_footer","meta":{"wprm-recipe-roundup-name":"","wprm-recipe-roundup-description":"","footnotes":""},"class_list":["post-12944","page","type-page","status-publish","hentry"],"yoast_head":"<!-- This site is optimized with the Yoast SEO plugin v27.4 - https:\/\/yoast.com\/product\/yoast-seo-wordpress\/ -->\n<title>M\u00f6chten Sie ein Fashion Frutero werden?<\/title>\n<meta name=\"description\" content=\"Wenn Sie einen Obstladen haben und mit dem Vertrieb von Watermelon Fashion beginnen m\u00f6chten, kommen Sie vorbei, f\u00fcllen Sie unser Formular aus und Sie erhalten Preise.\" \/>\n<meta name=\"robots\" content=\"index, follow, max-snippet:-1, max-image-preview:large, max-video-preview:-1\" \/>\n<link rel=\"canonical\" href=\"https:\/\/www.sandiafashion.com\/quiero-ser-frutero-fashion\/\" \/>\n<meta property=\"og:locale\" content=\"de_DE\" \/>\n<meta property=\"og:type\" content=\"article\" \/>\n<meta property=\"og:title\" content=\"M\u00f6chten Sie ein Fashion Frutero werden?\" \/>\n<meta property=\"og:description\" content=\"Wenn Sie einen Obstladen haben und mit dem Vertrieb von Watermelon Fashion beginnen m\u00f6chten, kommen Sie vorbei, f\u00fcllen Sie unser Formular aus und Sie erhalten Preise.\" \/>\n<meta property=\"og:url\" content=\"https:\/\/www.sandiafashion.com\/quiero-ser-frutero-fashion\/\" \/>\n<meta property=\"og:site_name\" content=\"Sand\u00eda Fashion\" \/>\n<meta property=\"article:publisher\" content=\"https:\/\/es-es.facebook.com\/sandiafashion\" \/>\n<meta property=\"article:modified_time\" content=\"2024-03-14T16:24:15+00:00\" \/>\n<meta property=\"og:image\" content=\"https:\/\/www.sandiafashion.com\/wp-content\/uploads\/2022\/06\/bolsa_fruteros.png\" \/>\n<meta name=\"twitter:card\" content=\"summary_large_image\" \/>\n<meta name=\"twitter:site\" content=\"@sandiafashion\" \/>\n<meta name=\"twitter:label1\" content=\"Gesch\u00e4tzte Lesezeit\" \/>\n\t<meta name=\"twitter:data1\" content=\"2\u00a0Minuten\" \/>\n<script type=\"application\/ld+json\" class=\"yoast-schema-graph\">{\"@context\":\"https:\\\/\\\/schema.org\",\"@graph\":[{\"@type\":\"WebPage\",\"@id\":\"https:\\\/\\\/www.sandiafashion.com\\\/quiero-ser-frutero-fashion\\\/\",\"url\":\"https:\\\/\\\/www.sandiafashion.com\\\/quiero-ser-frutero-fashion\\\/\",\"name\":\"M\u00f6chten Sie ein Fashion Frutero werden?\",\"isPartOf\":{\"@id\":\"https:\\\/\\\/www.sandiafashion.com\\\/#website\"},\"primaryImageOfPage\":{\"@id\":\"https:\\\/\\\/www.sandiafashion.com\\\/quiero-ser-frutero-fashion\\\/#primaryimage\"},\"image\":{\"@id\":\"https:\\\/\\\/www.sandiafashion.com\\\/quiero-ser-frutero-fashion\\\/#primaryimage\"},\"thumbnailUrl\":\"https:\\\/\\\/www.sandiafashion.com\\\/wp-content\\\/uploads\\\/2022\\\/06\\\/bolsa_fruteros.png\",\"datePublished\":\"2022-06-17T10:48:12+00:00\",\"dateModified\":\"2024-03-14T16:24:15+00:00\",\"description\":\"Wenn Sie einen Obstladen haben und mit dem Vertrieb von Watermelon Fashion beginnen m\u00f6chten, kommen Sie vorbei, f\u00fcllen Sie unser Formular aus und Sie erhalten Preise.\",\"breadcrumb\":{\"@id\":\"https:\\\/\\\/www.sandiafashion.com\\\/quiero-ser-frutero-fashion\\\/#breadcrumb\"},\"inLanguage\":\"de\",\"potentialAction\":[{\"@type\":\"ReadAction\",\"target\":[\"https:\\\/\\\/www.sandiafashion.com\\\/quiero-ser-frutero-fashion\\\/\"]}]},{\"@type\":\"ImageObject\",\"inLanguage\":\"de\",\"@id\":\"https:\\\/\\\/www.sandiafashion.com\\\/quiero-ser-frutero-fashion\\\/#primaryimage\",\"url\":\"https:\\\/\\\/www.sandiafashion.com\\\/wp-content\\\/uploads\\\/2022\\\/06\\\/bolsa_fruteros.png\",\"contentUrl\":\"https:\\\/\\\/www.sandiafashion.com\\\/wp-content\\\/uploads\\\/2022\\\/06\\\/bolsa_fruteros.png\"},{\"@type\":\"BreadcrumbList\",\"@id\":\"https:\\\/\\\/www.sandiafashion.com\\\/quiero-ser-frutero-fashion\\\/#breadcrumb\",\"itemListElement\":[{\"@type\":\"ListItem\",\"position\":1,\"name\":\"Startseite\",\"item\":\"https:\\\/\\\/www.sandiafashion.com\\\/de\\\/\"},{\"@type\":\"ListItem\",\"position\":2,\"name\":\"Ich m\u00f6chte ein Fashion Obst Verk\u00e4ufer sein\"}]},{\"@type\":\"WebSite\",\"@id\":\"https:\\\/\\\/www.sandiafashion.com\\\/#website\",\"url\":\"https:\\\/\\\/www.sandiafashion.com\\\/\",\"name\":\"Sand\u00eda Fashion\",\"description\":\"La sand\u00eda sin pepitas\",\"publisher\":{\"@id\":\"https:\\\/\\\/www.sandiafashion.com\\\/#organization\"},\"potentialAction\":[{\"@type\":\"SearchAction\",\"target\":{\"@type\":\"EntryPoint\",\"urlTemplate\":\"https:\\\/\\\/www.sandiafashion.com\\\/?s={search_term_string}\"},\"query-input\":{\"@type\":\"PropertyValueSpecification\",\"valueRequired\":true,\"valueName\":\"search_term_string\"}}],\"inLanguage\":\"de\"},{\"@type\":\"Organization\",\"@id\":\"https:\\\/\\\/www.sandiafashion.com\\\/#organization\",\"name\":\"Sand\u00eda Fashion\",\"url\":\"https:\\\/\\\/www.sandiafashion.com\\\/\",\"logo\":{\"@type\":\"ImageObject\",\"inLanguage\":\"de\",\"@id\":\"https:\\\/\\\/www.sandiafashion.com\\\/#\\\/schema\\\/logo\\\/image\\\/\",\"url\":\"https:\\\/\\\/www.sandiafashion.com\\\/wp-content\\\/uploads\\\/2016\\\/02\\\/sandia-fashion-logo.png\",\"contentUrl\":\"https:\\\/\\\/www.sandiafashion.com\\\/wp-content\\\/uploads\\\/2016\\\/02\\\/sandia-fashion-logo.png\",\"width\":719,\"height\":221,\"caption\":\"Sand\u00eda Fashion\"},\"image\":{\"@id\":\"https:\\\/\\\/www.sandiafashion.com\\\/#\\\/schema\\\/logo\\\/image\\\/\"},\"sameAs\":[\"https:\\\/\\\/es-es.facebook.com\\\/sandiafashion\",\"https:\\\/\\\/x.com\\\/sandiafashion\",\"https:\\\/\\\/www.instagram.com\\\/sandiafashionoficial\\\/?hl=es\",\"https:\\\/\\\/es.linkedin.com\\\/company\\\/grupo-agf\",\"https:\\\/\\\/www.youtube.com\\\/channel\\\/UCrRbYBZ2CkZWAwGMJiorj_Q\"]}]}<\/script>\n<!-- \/ Yoast SEO plugin. -->","yoast_head_json":{"title":"M\u00f6chten Sie ein Fashion Frutero werden?","description":"Wenn Sie einen Obstladen haben und mit dem Vertrieb von Watermelon Fashion beginnen m\u00f6chten, kommen Sie vorbei, f\u00fcllen Sie unser Formular aus und Sie erhalten Preise.","robots":{"index":"index","follow":"follow","max-snippet":"max-snippet:-1","max-image-preview":"max-image-preview:large","max-video-preview":"max-video-preview:-1"},"canonical":"https:\/\/www.sandiafashion.com\/quiero-ser-frutero-fashion\/","og_locale":"de_DE","og_type":"article","og_title":"M\u00f6chten Sie ein Fashion Frutero werden?","og_description":"Wenn Sie einen Obstladen haben und mit dem Vertrieb von Watermelon Fashion beginnen m\u00f6chten, kommen Sie vorbei, f\u00fcllen Sie unser Formular aus und Sie erhalten Preise.","og_url":"https:\/\/www.sandiafashion.com\/quiero-ser-frutero-fashion\/","og_site_name":"Sand\u00eda Fashion","article_publisher":"https:\/\/es-es.facebook.com\/sandiafashion","article_modified_time":"2024-03-14T16:24:15+00:00","og_image":[{"url":"https:\/\/www.sandiafashion.com\/wp-content\/uploads\/2022\/06\/bolsa_fruteros.png","type":"","width":"","height":""}],"twitter_card":"summary_large_image","twitter_site":"@sandiafashion","twitter_misc":{"Gesch\u00e4tzte Lesezeit":"2\u00a0Minuten"},"schema":{"@context":"https:\/\/schema.org","@graph":[{"@type":"WebPage","@id":"https:\/\/www.sandiafashion.com\/quiero-ser-frutero-fashion\/","url":"https:\/\/www.sandiafashion.com\/quiero-ser-frutero-fashion\/","name":"M\u00f6chten Sie ein Fashion Frutero werden?","isPartOf":{"@id":"https:\/\/www.sandiafashion.com\/#website"},"primaryImageOfPage":{"@id":"https:\/\/www.sandiafashion.com\/quiero-ser-frutero-fashion\/#primaryimage"},"image":{"@id":"https:\/\/www.sandiafashion.com\/quiero-ser-frutero-fashion\/#primaryimage"},"thumbnailUrl":"https:\/\/www.sandiafashion.com\/wp-content\/uploads\/2022\/06\/bolsa_fruteros.png","datePublished":"2022-06-17T10:48:12+00:00","dateModified":"2024-03-14T16:24:15+00:00","description":"Wenn Sie einen Obstladen haben und mit dem Vertrieb von Watermelon Fashion beginnen m\u00f6chten, kommen Sie vorbei, f\u00fcllen Sie unser Formular aus und Sie erhalten Preise.","breadcrumb":{"@id":"https:\/\/www.sandiafashion.com\/quiero-ser-frutero-fashion\/#breadcrumb"},"inLanguage":"de","potentialAction":[{"@type":"ReadAction","target":["https:\/\/www.sandiafashion.com\/quiero-ser-frutero-fashion\/"]}]},{"@type":"ImageObject","inLanguage":"de","@id":"https:\/\/www.sandiafashion.com\/quiero-ser-frutero-fashion\/#primaryimage","url":"https:\/\/www.sandiafashion.com\/wp-content\/uploads\/2022\/06\/bolsa_fruteros.png","contentUrl":"https:\/\/www.sandiafashion.com\/wp-content\/uploads\/2022\/06\/bolsa_fruteros.png"},{"@type":"BreadcrumbList","@id":"https:\/\/www.sandiafashion.com\/quiero-ser-frutero-fashion\/#breadcrumb","itemListElement":[{"@type":"ListItem","position":1,"name":"Startseite","item":"https:\/\/www.sandiafashion.com\/de\/"},{"@type":"ListItem","position":2,"name":"Ich m\u00f6chte ein Fashion Obst Verk\u00e4ufer sein"}]},{"@type":"WebSite","@id":"https:\/\/www.sandiafashion.com\/#website","url":"https:\/\/www.sandiafashion.com\/","name":"Sand\u00eda Fashion","description":"La sand\u00eda sin pepitas","publisher":{"@id":"https:\/\/www.sandiafashion.com\/#organization"},"potentialAction":[{"@type":"SearchAction","target":{"@type":"EntryPoint","urlTemplate":"https:\/\/www.sandiafashion.com\/?s={search_term_string}"},"query-input":{"@type":"PropertyValueSpecification","valueRequired":true,"valueName":"search_term_string"}}],"inLanguage":"de"},{"@type":"Organization","@id":"https:\/\/www.sandiafashion.com\/#organization","name":"Sand\u00eda Fashion","url":"https:\/\/www.sandiafashion.com\/","logo":{"@type":"ImageObject","inLanguage":"de","@id":"https:\/\/www.sandiafashion.com\/#\/schema\/logo\/image\/","url":"https:\/\/www.sandiafashion.com\/wp-content\/uploads\/2016\/02\/sandia-fashion-logo.png","contentUrl":"https:\/\/www.sandiafashion.com\/wp-content\/uploads\/2016\/02\/sandia-fashion-logo.png","width":719,"height":221,"caption":"Sand\u00eda Fashion"},"image":{"@id":"https:\/\/www.sandiafashion.com\/#\/schema\/logo\/image\/"},"sameAs":["https:\/\/es-es.facebook.com\/sandiafashion","https:\/\/x.com\/sandiafashion","https:\/\/www.instagram.com\/sandiafashionoficial\/?hl=es","https:\/\/es.linkedin.com\/company\/grupo-agf","https:\/\/www.youtube.com\/channel\/UCrRbYBZ2CkZWAwGMJiorj_Q"]}]}},"_links":{"self":[{"href":"https:\/\/www.sandiafashion.com\/de\/wp-json\/wp\/v2\/pages\/12944","targetHints":{"allow":["GET"]}}],"collection":[{"href":"https:\/\/www.sandiafashion.com\/de\/wp-json\/wp\/v2\/pages"}],"about":[{"href":"https:\/\/www.sandiafashion.com\/de\/wp-json\/wp\/v2\/types\/page"}],"author":[{"embeddable":true,"href":"https:\/\/www.sandiafashion.com\/de\/wp-json\/wp\/v2\/users\/10"}],"replies":[{"embeddable":true,"href":"https:\/\/www.sandiafashion.com\/de\/wp-json\/wp\/v2\/comments?post=12944"}],"version-history":[{"count":0,"href":"https:\/\/www.sandiafashion.com\/de\/wp-json\/wp\/v2\/pages\/12944\/revisions"}],"wp:attachment":[{"href":"https:\/\/www.sandiafashion.com\/de\/wp-json\/wp\/v2\/media?parent=12944"}],"curies":[{"name":"wp","href":"https:\/\/api.w.org\/{rel}","templated":true}]}}