{"id":14166,"date":"2023-05-05T11:10:27","date_gmt":"2023-05-05T09:10:27","guid":{"rendered":"https:\/\/www.sandiafashion.com\/recetario-palito\/"},"modified":"2025-08-13T17:14:20","modified_gmt":"2025-08-13T15:14:20","slug":"rezeptheft-palito","status":"publish","type":"page","link":"https:\/\/www.sandiafashion.com\/de\/rezeptheft-palito\/","title":{"rendered":"Recetario Palito Dominguin"},"content":{"rendered":"\t\t<div data-elementor-type=\"wp-page\" data-elementor-id=\"14166\" class=\"elementor elementor-14166 elementor-14076\" data-elementor-post-type=\"page\">\n\t\t\t\t\t\t<section class=\"elementor-section elementor-top-section elementor-element elementor-element-a2f1a0a elementor-section-boxed elementor-section-height-default elementor-section-height-default\" data-id=\"a2f1a0a\" data-element_type=\"section\" data-e-type=\"section\">\n\t\t\t\t\t\t<div class=\"elementor-container elementor-column-gap-default\">\n\t\t\t\t\t<div class=\"elementor-column elementor-col-100 elementor-top-column elementor-element elementor-element-697053c\" data-id=\"697053c\" data-element_type=\"column\" data-e-type=\"column\">\n\t\t\t<div class=\"elementor-widget-wrap elementor-element-populated\">\n\t\t\t\t\t\t<div class=\"elementor-element elementor-element-c5d68b3 elementor-widget elementor-widget-breadcrumbs\" data-id=\"c5d68b3\" data-element_type=\"widget\" data-e-type=\"widget\" data-widget_type=\"breadcrumbs.default\">\n\t\t\t\t<div class=\"elementor-widget-container\">\n\t\t\t\t\t<p id=\"breadcrumbs\"><span><span><a href=\"https:\/\/www.sandiafashion.com\/de\/\">Startseite<\/a><\/span><\/span><\/p>\t\t\t\t<\/div>\n\t\t\t\t<\/div>\n\t\t\t\t\t<\/div>\n\t\t<\/div>\n\t\t\t\t\t<\/div>\n\t\t<\/section>\n\t\t\t\t<section class=\"elementor-section elementor-top-section elementor-element elementor-element-d8b02dc elementor-section-items-stretch elementor-section-height-min-height elementor-section-boxed elementor-section-height-default\" data-id=\"d8b02dc\" data-element_type=\"section\" data-e-type=\"section\" data-settings=\"{&quot;background_background&quot;:&quot;classic&quot;}\">\n\t\t\t\t\t\t<div class=\"elementor-container elementor-column-gap-no\">\n\t\t\t\t\t<div class=\"elementor-column elementor-col-50 elementor-top-column elementor-element elementor-element-afbbc79\" data-id=\"afbbc79\" data-element_type=\"column\" data-e-type=\"column\">\n\t\t\t<div class=\"elementor-widget-wrap elementor-element-populated\">\n\t\t\t\t\t\t<div class=\"elementor-element elementor-element-4eb2c04 elementor-widget elementor-widget-image\" data-id=\"4eb2c04\" data-element_type=\"widget\" data-e-type=\"widget\" data-widget_type=\"image.default\">\n\t\t\t\t<div class=\"elementor-widget-container\">\n\t\t\t\t\t\t\t\t\t\t\t\t\t\t\t<img fetchpriority=\"high\" decoding=\"async\" width=\"800\" height=\"800\" src=\"https:\/\/www.sandiafashion.com\/wp-content\/uploads\/2023\/04\/recetario_sandia_palito_dominguin-1024x1024.jpg\" class=\"attachment-large size-large wp-image-13748\" alt=\"Recetario de Sand\u00eda Fashion por Palito Dominguin\" srcset=\"https:\/\/www.sandiafashion.com\/wp-content\/uploads\/2023\/04\/recetario_sandia_palito_dominguin-1024x1024.jpg 1024w, https:\/\/www.sandiafashion.com\/wp-content\/uploads\/2023\/04\/recetario_sandia_palito_dominguin-300x300.jpg 300w, https:\/\/www.sandiafashion.com\/wp-content\/uploads\/2023\/04\/recetario_sandia_palito_dominguin-150x150.jpg 150w, https:\/\/www.sandiafashion.com\/wp-content\/uploads\/2023\/04\/recetario_sandia_palito_dominguin-768x768.jpg 768w, https:\/\/www.sandiafashion.com\/wp-content\/uploads\/2023\/04\/recetario_sandia_palito_dominguin.jpg 1080w\" sizes=\"(max-width: 800px) 100vw, 800px\" \/>\t\t\t\t\t\t\t\t\t\t\t\t\t\t\t<\/div>\n\t\t\t\t<\/div>\n\t\t\t\t\t<\/div>\n\t\t<\/div>\n\t\t\t\t<div class=\"elementor-column elementor-col-50 elementor-top-column elementor-element elementor-element-de1dab9\" data-id=\"de1dab9\" data-element_type=\"column\" data-e-type=\"column\">\n\t\t\t<div class=\"elementor-widget-wrap elementor-element-populated\">\n\t\t\t\t\t\t<div class=\"elementor-element elementor-element-baf1c88 elementor-invisible elementor-widget elementor-widget-heading\" data-id=\"baf1c88\" data-element_type=\"widget\" data-e-type=\"widget\" data-settings=\"{&quot;_animation&quot;:&quot;slideInLeft&quot;}\" data-widget_type=\"heading.default\">\n\t\t\t\t<div class=\"elementor-widget-container\">\n\t\t\t\t\t<h1 class=\"elementor-heading-title elementor-size-default\">Wir geben Ihnen das ausgefallenste Rezeptheft im reinsten Palito Domingu\u00edn Stil.<\/h1>\t\t\t\t<\/div>\n\t\t\t\t<\/div>\n\t\t\t\t<div class=\"elementor-element elementor-element-36fdde1 elementor-widget elementor-widget-spacer\" data-id=\"36fdde1\" data-element_type=\"widget\" data-e-type=\"widget\" data-widget_type=\"spacer.default\">\n\t\t\t\t<div class=\"elementor-widget-container\">\n\t\t\t\t\t\t\t<div class=\"elementor-spacer\">\n\t\t\t<div class=\"elementor-spacer-inner\"><\/div>\n\t\t<\/div>\n\t\t\t\t\t\t<\/div>\n\t\t\t\t<\/div>\n\t\t\t\t<div class=\"elementor-element elementor-element-1a1f66c elementor-button-align-stretch elementor-widget elementor-widget-form\" data-id=\"1a1f66c\" data-element_type=\"widget\" data-e-type=\"widget\" data-settings=\"{&quot;step_next_label&quot;:&quot;N\\u00e4chster&quot;,&quot;step_previous_label&quot;:&quot;Bisherige&quot;,&quot;button_width&quot;:&quot;100&quot;,&quot;step_type&quot;:&quot;number_text&quot;,&quot;step_icon_shape&quot;:&quot;circle&quot;}\" data-widget_type=\"form.default\">\n\t\t\t\t<div class=\"elementor-widget-container\">\n\t\t\t\t\t\t\t<form class=\"elementor-form\" method=\"post\" id=\"reretario_fashion\" name=\"Rezeptheft herunterladen\" aria-label=\"Rezeptheft herunterladen\">\n\t\t\t<input type=\"hidden\" name=\"post_id\" value=\"14166\"\/>\n\t\t\t<input type=\"hidden\" name=\"form_id\" value=\"1a1f66c\"\/>\n\t\t\t<input type=\"hidden\" name=\"referer_title\" value=\"Rezeptheft Palito Domingu\u00edn - Sand\u00eda Fashion\" \/>\n\n\t\t\t\t\t\t\t<input type=\"hidden\" name=\"queried_id\" value=\"14166\"\/>\n\t\t\t\n\t\t\t<div class=\"elementor-form-fields-wrapper elementor-labels-above\">\n\t\t\t\t\t\t\t\t<div class=\"elementor-field-type-text elementor-field-group elementor-column elementor-field-group-name elementor-col-100\">\n\t\t\t\t\t\t\t\t\t\t\t\t<label for=\"form-field-name\" class=\"elementor-field-label\">\n\t\t\t\t\t\t\t\tName\t\t\t\t\t\t\t<\/label>\n\t\t\t\t\t\t\t\t\t\t\t\t\t\t<input size=\"1\" type=\"text\" name=\"form_fields[name]\" id=\"form-field-name\" class=\"elementor-field elementor-size-sm  elementor-field-textual\" placeholder=\"Name\">\n\t\t\t\t\t\t\t\t\t\t\t<\/div>\n\t\t\t\t\t\t\t\t<div class=\"elementor-field-type-email elementor-field-group elementor-column elementor-field-group-email elementor-col-100 elementor-field-required elementor-mark-required\">\n\t\t\t\t\t\t\t\t\t\t\t\t<label for=\"form-field-email\" class=\"elementor-field-label\">\n\t\t\t\t\t\t\t\tEmail\t\t\t\t\t\t\t<\/label>\n\t\t\t\t\t\t\t\t\t\t\t\t\t\t<input size=\"1\" type=\"email\" name=\"form_fields[email]\" id=\"form-field-email\" class=\"elementor-field elementor-size-sm  elementor-field-textual\" placeholder=\"Email\" required=\"required\">\n\t\t\t\t\t\t\t\t\t\t\t<\/div>\n\t\t\t\t\t\t\t\t<div class=\"elementor-field-type-checkbox elementor-field-group elementor-column elementor-field-group-field_b2d05de elementor-col-100\">\n\t\t\t\t\t<div class=\"elementor-field-subgroup  \"><span class=\"elementor-field-option\"><input type=\"checkbox\" value=\"Ich habe gelesen und akzeptiere die  &lt;a href=&quot;https:\/\/www.sandiafashion.com\/privacidad-cookies-condiciones-de-uso-y-aviso-legal\/&quot;&gt;Datenschutzbestimmungen&lt;\/a&gt;.\" id=\"form-field-field_b2d05de-0\" name=\"form_fields[field_b2d05de]\"> <label for=\"form-field-field_b2d05de-0\">Ich habe gelesen und akzeptiere die  <a href=\"https:\/\/www.sandiafashion.com\/privacidad-cookies-condiciones-de-uso-y-aviso-legal\/\">Datenschutzbestimmungen<\/a>.<\/label><\/span><\/div>\t\t\t\t<\/div>\n\t\t\t\t\t\t\t\t<div class=\"elementor-field-group elementor-column elementor-field-type-submit elementor-col-100 e-form__buttons\">\n\t\t\t\t\t<button class=\"elementor-button elementor-size-sm\" type=\"submit\">\n\t\t\t\t\t\t<span class=\"elementor-button-content-wrapper\">\n\t\t\t\t\t\t\t\t\t\t\t\t\t\t\t\t\t\t\t\t\t\t<span class=\"elementor-button-text\">Senden<\/span>\n\t\t\t\t\t\t\t\t\t\t\t\t\t<\/span>\n\t\t\t\t\t<\/button>\n\t\t\t\t<\/div>\n\t\t\t<\/div>\n\t\t<\/form>\n\t\t\t\t\t\t<\/div>\n\t\t\t\t<\/div>\n\t\t\t\t<div class=\"elementor-element elementor-element-3dfbc7c elementor-widget elementor-widget-spacer\" data-id=\"3dfbc7c\" data-element_type=\"widget\" data-e-type=\"widget\" data-widget_type=\"spacer.default\">\n\t\t\t\t<div class=\"elementor-widget-container\">\n\t\t\t\t\t\t\t<div class=\"elementor-spacer\">\n\t\t\t<div class=\"elementor-spacer-inner\"><\/div>\n\t\t<\/div>\n\t\t\t\t\t\t<\/div>\n\t\t\t\t<\/div>\n\t\t\t\t<div class=\"elementor-element elementor-element-8287989 elementor-widget elementor-widget-text-editor\" data-id=\"8287989\" data-element_type=\"widget\" data-e-type=\"widget\" data-widget_type=\"text-editor.default\">\n\t\t\t\t<div class=\"elementor-widget-container\">\n\t\t\t\t\t\t\t\t\t<p>Rechtliche Grundlagen<\/p>\n<p>In \u00dcbereinstimmung mit der RGPD informieren wir Sie, dass das Unternehmen Grupo AGF, S.L, Sand\u00eda Fashion, die Daten, die Sie uns mit diesem Formular zur Verf\u00fcgung stellen, zu folgenden Zwecken verarbeitet: Zusendung von Informationen im Zusammenhang mit Ihrer Informationsanfrage. Legitimation: Zustimmung. Weitergabe von Daten und \u00dcbertragungen: Es werden keine \u00dcbertragungen vorgenommen, au\u00dfer an Anbieter von Hosting-Diensten, deren Server sich in der EU befinden. Rechte: Sie k\u00f6nnen Ihre Rechte auf Auskunft, Berichtigung, Einschr\u00e4nkung, Widerspruch, \u00dcbertragbarkeit oder Widerruf der Einwilligung aus\u00fcben, indem Sie eine E-Mail an grupoagf.md@gmail.com senden.<\/p>\n\t\t\t\t\t\t\t\t<\/div>\n\t\t\t\t<\/div>\n\t\t\t\t\t<\/div>\n\t\t<\/div>\n\t\t\t\t\t<\/div>\n\t\t<\/section>\n\t\t\t\t<\/div>\n\t\t","protected":false},"excerpt":{"rendered":"<p>Wir geben Ihnen das ausgefallenste Rezeptheft im reinsten Palito Domingu\u00edn Stil. Rechtliche Grundlagen In \u00dcbereinstimmung mit der RGPD informieren wir Sie, dass das Unternehmen Grupo AGF, S.L, Sand\u00eda Fashion, die Daten, die Sie uns mit diesem Formular zur Verf\u00fcgung stellen, zu folgenden Zwecken verarbeitet: Zusendung von Informationen im Zusammenhang mit Ihrer Informationsanfrage. Legitimation: Zustimmung. Weitergabe [&hellip;]<\/p>\n","protected":false},"author":10,"featured_media":8822,"parent":0,"menu_order":0,"comment_status":"closed","ping_status":"closed","template":"elementor_header_footer","meta":{"wprm-recipe-roundup-name":"","wprm-recipe-roundup-description":"","footnotes":""},"class_list":["post-14166","page","type-page","status-publish","has-post-thumbnail","hentry"],"yoast_head":"<!-- This site is optimized with the Yoast SEO plugin v27.4 - https:\/\/yoast.com\/product\/yoast-seo-wordpress\/ -->\n<title>Rezeptheft Palito Domingu\u00edn - Sand\u00eda Fashion<\/title>\n<meta name=\"description\" content=\"Genie\u00dfen Sie Fashion-Momente mit Ihren Liebsten mit nat\u00fcrlicher, gesunder und kernloser Wassermelone. Was ist Ihr Fashion-Moment? Komm rein und finde es heraus.\" \/>\n<meta name=\"robots\" content=\"index, follow, max-snippet:-1, max-image-preview:large, max-video-preview:-1\" \/>\n<link rel=\"canonical\" href=\"https:\/\/www.sandiafashion.com\/recetario-palito\/\" \/>\n<meta property=\"og:locale\" content=\"de_DE\" \/>\n<meta property=\"og:type\" content=\"article\" \/>\n<meta property=\"og:title\" content=\"Rezeptheft Palito Domingu\u00edn - Sand\u00eda Fashion\" \/>\n<meta property=\"og:description\" content=\"Genie\u00dfen Sie Fashion-Momente mit Ihren Liebsten mit nat\u00fcrlicher, gesunder und kernloser Wassermelone. Was ist Ihr Fashion-Moment? Komm rein und finde es heraus.\" \/>\n<meta property=\"og:url\" content=\"https:\/\/www.sandiafashion.com\/recetario-palito\/\" \/>\n<meta property=\"og:site_name\" content=\"Sand\u00eda Fashion\" \/>\n<meta property=\"article:publisher\" content=\"https:\/\/es-es.facebook.com\/sandiafashion\" \/>\n<meta property=\"article:modified_time\" content=\"2025-08-13T15:14:20+00:00\" \/>\n<meta property=\"og:image\" content=\"https:\/\/www.sandiafashion.com\/wp-content\/uploads\/2021\/04\/sandia.png\" \/>\n\t<meta property=\"og:image:width\" content=\"1080\" \/>\n\t<meta property=\"og:image:height\" content=\"1080\" \/>\n\t<meta property=\"og:image:type\" content=\"image\/png\" \/>\n<meta name=\"twitter:card\" content=\"summary_large_image\" \/>\n<meta name=\"twitter:site\" content=\"@sandiafashion\" \/>\n<meta name=\"twitter:label1\" content=\"Gesch\u00e4tzte Lesezeit\" \/>\n\t<meta name=\"twitter:data1\" content=\"1\u00a0Minute\" \/>\n<script type=\"application\/ld+json\" class=\"yoast-schema-graph\">{\"@context\":\"https:\\\/\\\/schema.org\",\"@graph\":[{\"@type\":\"WebPage\",\"@id\":\"https:\\\/\\\/www.sandiafashion.com\\\/recetario-palito\\\/\",\"url\":\"https:\\\/\\\/www.sandiafashion.com\\\/recetario-palito\\\/\",\"name\":\"Rezeptheft Palito Domingu\u00edn - Sand\u00eda Fashion\",\"isPartOf\":{\"@id\":\"https:\\\/\\\/www.sandiafashion.com\\\/#website\"},\"primaryImageOfPage\":{\"@id\":\"https:\\\/\\\/www.sandiafashion.com\\\/recetario-palito\\\/#primaryimage\"},\"image\":{\"@id\":\"https:\\\/\\\/www.sandiafashion.com\\\/recetario-palito\\\/#primaryimage\"},\"thumbnailUrl\":\"https:\\\/\\\/www.sandiafashion.com\\\/wp-content\\\/uploads\\\/2021\\\/04\\\/sandia.png\",\"datePublished\":\"2023-05-05T09:10:27+00:00\",\"dateModified\":\"2025-08-13T15:14:20+00:00\",\"description\":\"Genie\u00dfen Sie Fashion-Momente mit Ihren Liebsten mit nat\u00fcrlicher, gesunder und kernloser Wassermelone. Was ist Ihr Fashion-Moment? Komm rein und finde es heraus.\",\"breadcrumb\":{\"@id\":\"https:\\\/\\\/www.sandiafashion.com\\\/recetario-palito\\\/#breadcrumb\"},\"inLanguage\":\"de\",\"potentialAction\":[{\"@type\":\"ReadAction\",\"target\":[\"https:\\\/\\\/www.sandiafashion.com\\\/recetario-palito\\\/\"]}]},{\"@type\":\"ImageObject\",\"inLanguage\":\"de\",\"@id\":\"https:\\\/\\\/www.sandiafashion.com\\\/recetario-palito\\\/#primaryimage\",\"url\":\"https:\\\/\\\/www.sandiafashion.com\\\/wp-content\\\/uploads\\\/2021\\\/04\\\/sandia.png\",\"contentUrl\":\"https:\\\/\\\/www.sandiafashion.com\\\/wp-content\\\/uploads\\\/2021\\\/04\\\/sandia.png\",\"width\":1080,\"height\":1080},{\"@type\":\"BreadcrumbList\",\"@id\":\"https:\\\/\\\/www.sandiafashion.com\\\/recetario-palito\\\/#breadcrumb\",\"itemListElement\":[{\"@type\":\"ListItem\",\"position\":1,\"name\":\"Startseite\",\"item\":\"https:\\\/\\\/www.sandiafashion.com\\\/de\\\/\"},{\"@type\":\"ListItem\",\"position\":2,\"name\":\"Recetario Palito Dominguin\"}]},{\"@type\":\"WebSite\",\"@id\":\"https:\\\/\\\/www.sandiafashion.com\\\/#website\",\"url\":\"https:\\\/\\\/www.sandiafashion.com\\\/\",\"name\":\"Sand\u00eda Fashion\",\"description\":\"La sand\u00eda sin pepitas\",\"publisher\":{\"@id\":\"https:\\\/\\\/www.sandiafashion.com\\\/#organization\"},\"potentialAction\":[{\"@type\":\"SearchAction\",\"target\":{\"@type\":\"EntryPoint\",\"urlTemplate\":\"https:\\\/\\\/www.sandiafashion.com\\\/?s={search_term_string}\"},\"query-input\":{\"@type\":\"PropertyValueSpecification\",\"valueRequired\":true,\"valueName\":\"search_term_string\"}}],\"inLanguage\":\"de\"},{\"@type\":\"Organization\",\"@id\":\"https:\\\/\\\/www.sandiafashion.com\\\/#organization\",\"name\":\"Sand\u00eda Fashion\",\"url\":\"https:\\\/\\\/www.sandiafashion.com\\\/\",\"logo\":{\"@type\":\"ImageObject\",\"inLanguage\":\"de\",\"@id\":\"https:\\\/\\\/www.sandiafashion.com\\\/#\\\/schema\\\/logo\\\/image\\\/\",\"url\":\"https:\\\/\\\/www.sandiafashion.com\\\/wp-content\\\/uploads\\\/2016\\\/02\\\/sandia-fashion-logo.png\",\"contentUrl\":\"https:\\\/\\\/www.sandiafashion.com\\\/wp-content\\\/uploads\\\/2016\\\/02\\\/sandia-fashion-logo.png\",\"width\":719,\"height\":221,\"caption\":\"Sand\u00eda Fashion\"},\"image\":{\"@id\":\"https:\\\/\\\/www.sandiafashion.com\\\/#\\\/schema\\\/logo\\\/image\\\/\"},\"sameAs\":[\"https:\\\/\\\/es-es.facebook.com\\\/sandiafashion\",\"https:\\\/\\\/x.com\\\/sandiafashion\",\"https:\\\/\\\/www.instagram.com\\\/sandiafashionoficial\\\/?hl=es\",\"https:\\\/\\\/es.linkedin.com\\\/company\\\/grupo-agf\",\"https:\\\/\\\/www.youtube.com\\\/channel\\\/UCrRbYBZ2CkZWAwGMJiorj_Q\"]}]}<\/script>\n<!-- \/ Yoast SEO plugin. -->","yoast_head_json":{"title":"Rezeptheft Palito Domingu\u00edn - Sand\u00eda Fashion","description":"Genie\u00dfen Sie Fashion-Momente mit Ihren Liebsten mit nat\u00fcrlicher, gesunder und kernloser Wassermelone. Was ist Ihr Fashion-Moment? Komm rein und finde es heraus.","robots":{"index":"index","follow":"follow","max-snippet":"max-snippet:-1","max-image-preview":"max-image-preview:large","max-video-preview":"max-video-preview:-1"},"canonical":"https:\/\/www.sandiafashion.com\/recetario-palito\/","og_locale":"de_DE","og_type":"article","og_title":"Rezeptheft Palito Domingu\u00edn - Sand\u00eda Fashion","og_description":"Genie\u00dfen Sie Fashion-Momente mit Ihren Liebsten mit nat\u00fcrlicher, gesunder und kernloser Wassermelone. Was ist Ihr Fashion-Moment? Komm rein und finde es heraus.","og_url":"https:\/\/www.sandiafashion.com\/recetario-palito\/","og_site_name":"Sand\u00eda Fashion","article_publisher":"https:\/\/es-es.facebook.com\/sandiafashion","article_modified_time":"2025-08-13T15:14:20+00:00","og_image":[{"width":1080,"height":1080,"url":"https:\/\/www.sandiafashion.com\/wp-content\/uploads\/2021\/04\/sandia.png","type":"image\/png"}],"twitter_card":"summary_large_image","twitter_site":"@sandiafashion","twitter_misc":{"Gesch\u00e4tzte Lesezeit":"1\u00a0Minute"},"schema":{"@context":"https:\/\/schema.org","@graph":[{"@type":"WebPage","@id":"https:\/\/www.sandiafashion.com\/recetario-palito\/","url":"https:\/\/www.sandiafashion.com\/recetario-palito\/","name":"Rezeptheft Palito Domingu\u00edn - Sand\u00eda Fashion","isPartOf":{"@id":"https:\/\/www.sandiafashion.com\/#website"},"primaryImageOfPage":{"@id":"https:\/\/www.sandiafashion.com\/recetario-palito\/#primaryimage"},"image":{"@id":"https:\/\/www.sandiafashion.com\/recetario-palito\/#primaryimage"},"thumbnailUrl":"https:\/\/www.sandiafashion.com\/wp-content\/uploads\/2021\/04\/sandia.png","datePublished":"2023-05-05T09:10:27+00:00","dateModified":"2025-08-13T15:14:20+00:00","description":"Genie\u00dfen Sie Fashion-Momente mit Ihren Liebsten mit nat\u00fcrlicher, gesunder und kernloser Wassermelone. Was ist Ihr Fashion-Moment? Komm rein und finde es heraus.","breadcrumb":{"@id":"https:\/\/www.sandiafashion.com\/recetario-palito\/#breadcrumb"},"inLanguage":"de","potentialAction":[{"@type":"ReadAction","target":["https:\/\/www.sandiafashion.com\/recetario-palito\/"]}]},{"@type":"ImageObject","inLanguage":"de","@id":"https:\/\/www.sandiafashion.com\/recetario-palito\/#primaryimage","url":"https:\/\/www.sandiafashion.com\/wp-content\/uploads\/2021\/04\/sandia.png","contentUrl":"https:\/\/www.sandiafashion.com\/wp-content\/uploads\/2021\/04\/sandia.png","width":1080,"height":1080},{"@type":"BreadcrumbList","@id":"https:\/\/www.sandiafashion.com\/recetario-palito\/#breadcrumb","itemListElement":[{"@type":"ListItem","position":1,"name":"Startseite","item":"https:\/\/www.sandiafashion.com\/de\/"},{"@type":"ListItem","position":2,"name":"Recetario Palito Dominguin"}]},{"@type":"WebSite","@id":"https:\/\/www.sandiafashion.com\/#website","url":"https:\/\/www.sandiafashion.com\/","name":"Sand\u00eda Fashion","description":"La sand\u00eda sin pepitas","publisher":{"@id":"https:\/\/www.sandiafashion.com\/#organization"},"potentialAction":[{"@type":"SearchAction","target":{"@type":"EntryPoint","urlTemplate":"https:\/\/www.sandiafashion.com\/?s={search_term_string}"},"query-input":{"@type":"PropertyValueSpecification","valueRequired":true,"valueName":"search_term_string"}}],"inLanguage":"de"},{"@type":"Organization","@id":"https:\/\/www.sandiafashion.com\/#organization","name":"Sand\u00eda Fashion","url":"https:\/\/www.sandiafashion.com\/","logo":{"@type":"ImageObject","inLanguage":"de","@id":"https:\/\/www.sandiafashion.com\/#\/schema\/logo\/image\/","url":"https:\/\/www.sandiafashion.com\/wp-content\/uploads\/2016\/02\/sandia-fashion-logo.png","contentUrl":"https:\/\/www.sandiafashion.com\/wp-content\/uploads\/2016\/02\/sandia-fashion-logo.png","width":719,"height":221,"caption":"Sand\u00eda Fashion"},"image":{"@id":"https:\/\/www.sandiafashion.com\/#\/schema\/logo\/image\/"},"sameAs":["https:\/\/es-es.facebook.com\/sandiafashion","https:\/\/x.com\/sandiafashion","https:\/\/www.instagram.com\/sandiafashionoficial\/?hl=es","https:\/\/es.linkedin.com\/company\/grupo-agf","https:\/\/www.youtube.com\/channel\/UCrRbYBZ2CkZWAwGMJiorj_Q"]}]}},"_links":{"self":[{"href":"https:\/\/www.sandiafashion.com\/de\/wp-json\/wp\/v2\/pages\/14166","targetHints":{"allow":["GET"]}}],"collection":[{"href":"https:\/\/www.sandiafashion.com\/de\/wp-json\/wp\/v2\/pages"}],"about":[{"href":"https:\/\/www.sandiafashion.com\/de\/wp-json\/wp\/v2\/types\/page"}],"author":[{"embeddable":true,"href":"https:\/\/www.sandiafashion.com\/de\/wp-json\/wp\/v2\/users\/10"}],"replies":[{"embeddable":true,"href":"https:\/\/www.sandiafashion.com\/de\/wp-json\/wp\/v2\/comments?post=14166"}],"version-history":[{"count":0,"href":"https:\/\/www.sandiafashion.com\/de\/wp-json\/wp\/v2\/pages\/14166\/revisions"}],"wp:featuredmedia":[{"embeddable":true,"href":"https:\/\/www.sandiafashion.com\/de\/wp-json\/wp\/v2\/media\/8822"}],"wp:attachment":[{"href":"https:\/\/www.sandiafashion.com\/de\/wp-json\/wp\/v2\/media?parent=14166"}],"curies":[{"name":"wp","href":"https:\/\/api.w.org\/{rel}","templated":true}]}}