{"id":7360,"date":"2021-02-22T09:12:16","date_gmt":"2021-02-22T09:12:16","guid":{"rendered":"https:\/\/www.sandiafashion.com\/fashion-momente\/sport\/"},"modified":"2022-06-06T17:00:18","modified_gmt":"2022-06-06T15:00:18","slug":"sport-momente","status":"publish","type":"page","link":"https:\/\/www.sandiafashion.com\/de\/blog\/sport-momente\/","title":{"rendered":"Sport"},"content":{"rendered":"\t\t<div data-elementor-type=\"wp-page\" data-elementor-id=\"7360\" class=\"elementor elementor-7360\" data-elementor-post-type=\"page\">\n\t\t\t\t\t\t<section class=\"elementor-section elementor-top-section elementor-element elementor-element-689e355 elementor-section-full_width elementor-section-items-stretch elementor-section-height-min-height elementor-section-height-default\" data-id=\"689e355\" data-element_type=\"section\" data-e-type=\"section\" data-settings=\"{&quot;background_background&quot;:&quot;classic&quot;,&quot;background_motion_fx_motion_fx_mouse&quot;:&quot;yes&quot;,&quot;background_motion_fx_mouseTrack_effect&quot;:&quot;yes&quot;,&quot;shape_divider_bottom&quot;:&quot;waves&quot;,&quot;background_motion_fx_mouseTrack_speed&quot;:{&quot;unit&quot;:&quot;px&quot;,&quot;size&quot;:1,&quot;sizes&quot;:[]}}\">\n\t\t\t\t\t\t\t<div class=\"elementor-background-overlay\"><\/div>\n\t\t\t\t\t\t<div class=\"elementor-shape elementor-shape-bottom\" aria-hidden=\"true\" data-negative=\"false\">\n\t\t\t<svg xmlns=\"http:\/\/www.w3.org\/2000\/svg\" viewBox=\"0 0 1000 100\" preserveAspectRatio=\"none\">\n\t<path class=\"elementor-shape-fill\" d=\"M421.9,6.5c22.6-2.5,51.5,0.4,75.5,5.3c23.6,4.9,70.9,23.5,100.5,35.7c75.8,32.2,133.7,44.5,192.6,49.7\n\tc23.6,2.1,48.7,3.5,103.4-2.5c54.7-6,106.2-25.6,106.2-25.6V0H0v30.3c0,0,72,32.6,158.4,30.5c39.2-0.7,92.8-6.7,134-22.4\n\tc21.2-8.1,52.2-18.2,79.7-24.2C399.3,7.9,411.6,7.5,421.9,6.5z\"\/>\n<\/svg>\t\t<\/div>\n\t\t\t\t\t<div class=\"elementor-container elementor-column-gap-no\">\n\t\t\t\t\t<div class=\"elementor-column elementor-col-100 elementor-top-column elementor-element elementor-element-0099b24 elementor-invisible\" data-id=\"0099b24\" data-element_type=\"column\" data-e-type=\"column\" data-settings=\"{&quot;background_background&quot;:&quot;classic&quot;,&quot;animation&quot;:&quot;slideInRight&quot;}\">\n\t\t\t<div class=\"elementor-widget-wrap elementor-element-populated\">\n\t\t\t\t\t\t<div class=\"elementor-element elementor-element-7dede22 elementor-fixed elementor-invisible elementor-widget elementor-widget-image\" data-id=\"7dede22\" data-element_type=\"widget\" data-e-type=\"widget\" data-settings=\"{&quot;motion_fx_motion_fx_scrolling&quot;:&quot;yes&quot;,&quot;motion_fx_translateX_effect&quot;:&quot;yes&quot;,&quot;motion_fx_translateX_direction&quot;:&quot;negative&quot;,&quot;motion_fx_translateX_affectedRange&quot;:{&quot;unit&quot;:&quot;%&quot;,&quot;size&quot;:&quot;&quot;,&quot;sizes&quot;:{&quot;start&quot;:0,&quot;end&quot;:50}},&quot;motion_fx_range&quot;:&quot;page&quot;,&quot;_animation&quot;:&quot;bounceInDown&quot;,&quot;_position&quot;:&quot;fixed&quot;,&quot;_animation_delay&quot;:1500,&quot;motion_fx_translateX_speed&quot;:{&quot;unit&quot;:&quot;px&quot;,&quot;size&quot;:4,&quot;sizes&quot;:[]},&quot;motion_fx_devices&quot;:[&quot;desktop&quot;,&quot;tablet&quot;,&quot;mobile&quot;]}\" data-widget_type=\"image.default\">\n\t\t\t\t<div class=\"elementor-widget-container\">\n\t\t\t\t\t\t\t\t\t\t\t\t\t\t\t<img fetchpriority=\"high\" decoding=\"async\" width=\"1028\" height=\"1513\" src=\"https:\/\/www.sandiafashion.com\/wp-content\/uploads\/2022\/06\/pajaritos.png\" class=\"attachment-full size-full wp-image-12459\" alt=\"\" srcset=\"https:\/\/www.sandiafashion.com\/wp-content\/uploads\/2022\/06\/pajaritos.png 1028w, https:\/\/www.sandiafashion.com\/wp-content\/uploads\/2022\/06\/pajaritos-204x300.png 204w, https:\/\/www.sandiafashion.com\/wp-content\/uploads\/2022\/06\/pajaritos-696x1024.png 696w, https:\/\/www.sandiafashion.com\/wp-content\/uploads\/2022\/06\/pajaritos-768x1130.png 768w\" sizes=\"(max-width: 1028px) 100vw, 1028px\" \/>\t\t\t\t\t\t\t\t\t\t\t\t\t\t\t<\/div>\n\t\t\t\t<\/div>\n\t\t\t\t<div class=\"elementor-element elementor-element-816aabf elementor-absolute elementor-widget elementor-widget-image\" data-id=\"816aabf\" data-element_type=\"widget\" data-e-type=\"widget\" data-settings=\"{&quot;motion_fx_motion_fx_scrolling&quot;:&quot;yes&quot;,&quot;motion_fx_translateX_effect&quot;:&quot;yes&quot;,&quot;_position&quot;:&quot;absolute&quot;,&quot;motion_fx_translateX_speed&quot;:{&quot;unit&quot;:&quot;px&quot;,&quot;size&quot;:4,&quot;sizes&quot;:[]},&quot;motion_fx_translateX_affectedRange&quot;:{&quot;unit&quot;:&quot;%&quot;,&quot;size&quot;:&quot;&quot;,&quot;sizes&quot;:{&quot;start&quot;:0,&quot;end&quot;:100}},&quot;motion_fx_devices&quot;:[&quot;desktop&quot;,&quot;tablet&quot;,&quot;mobile&quot;]}\" data-widget_type=\"image.default\">\n\t\t\t\t<div class=\"elementor-widget-container\">\n\t\t\t\t\t\t\t\t\t\t\t\t\t\t\t<img decoding=\"async\" width=\"692\" height=\"543\" src=\"https:\/\/www.sandiafashion.com\/wp-content\/uploads\/2022\/06\/sandia.png\" class=\"attachment-full size-full wp-image-12471\" alt=\"\" srcset=\"https:\/\/www.sandiafashion.com\/wp-content\/uploads\/2022\/06\/sandia.png 692w, https:\/\/www.sandiafashion.com\/wp-content\/uploads\/2022\/06\/sandia-300x235.png 300w\" sizes=\"(max-width: 692px) 100vw, 692px\" loading=\"lazy\" \/>\t\t\t\t\t\t\t\t\t\t\t\t\t\t\t<\/div>\n\t\t\t\t<\/div>\n\t\t\t\t<div class=\"elementor-element elementor-element-9b039ac elementor-absolute elementor-widget elementor-widget-heading\" data-id=\"9b039ac\" data-element_type=\"widget\" data-e-type=\"widget\" data-settings=\"{&quot;_position&quot;:&quot;absolute&quot;}\" data-widget_type=\"heading.default\">\n\t\t\t\t<div class=\"elementor-widget-container\">\n\t\t\t\t\t<h2 class=\"elementor-heading-title elementor-size-default\">SPORT<\/BR>MOMENTE<\/h2>\t\t\t\t<\/div>\n\t\t\t\t<\/div>\n\t\t\t\t\t<\/div>\n\t\t<\/div>\n\t\t\t\t\t<\/div>\n\t\t<\/section>\n\t\t\t\t<section class=\"elementor-section elementor-top-section elementor-element elementor-element-488d89f elementor-section-height-min-height elementor-section-items-stretch elementor-section-boxed elementor-section-height-default\" data-id=\"488d89f\" data-element_type=\"section\" data-e-type=\"section\" data-settings=\"{&quot;background_background&quot;:&quot;classic&quot;}\">\n\t\t\t\t\t\t<div class=\"elementor-container elementor-column-gap-default\">\n\t\t\t\t\t<div class=\"elementor-column elementor-col-25 elementor-top-column elementor-element elementor-element-b3f3b7a\" data-id=\"b3f3b7a\" data-element_type=\"column\" data-e-type=\"column\">\n\t\t\t<div class=\"elementor-widget-wrap elementor-element-populated\">\n\t\t\t\t\t\t<div class=\"elementor-element elementor-element-7e7a410 elementor-widget elementor-widget-image\" data-id=\"7e7a410\" data-element_type=\"widget\" data-e-type=\"widget\" data-widget_type=\"image.default\">\n\t\t\t\t<div class=\"elementor-widget-container\">\n\t\t\t\t\t\t\t\t\t\t\t\t\t\t\t\t<a href=\"https:\/\/www.sandiafashion.com\/momentos-fashion\/momentos-salud\/\">\n\t\t\t\t\t\t\t<img decoding=\"async\" width=\"800\" height=\"800\" src=\"https:\/\/www.sandiafashion.com\/wp-content\/uploads\/2022\/06\/salud.png\" class=\"attachment-large size-large wp-image-12485\" alt=\"\" srcset=\"https:\/\/www.sandiafashion.com\/wp-content\/uploads\/2022\/06\/salud.png 1000w, https:\/\/www.sandiafashion.com\/wp-content\/uploads\/2022\/06\/salud-300x300.png 300w, https:\/\/www.sandiafashion.com\/wp-content\/uploads\/2022\/06\/salud-150x150.png 150w, https:\/\/www.sandiafashion.com\/wp-content\/uploads\/2022\/06\/salud-768x768.png 768w\" sizes=\"(max-width: 800px) 100vw, 800px\" loading=\"lazy\" \/>\t\t\t\t\t\t\t\t<\/a>\n\t\t\t\t\t\t\t\t\t\t\t\t\t\t\t<\/div>\n\t\t\t\t<\/div>\n\t\t\t\t<div class=\"elementor-element elementor-element-4652271 elementor-invisible elementor-widget elementor-widget-heading\" data-id=\"4652271\" data-element_type=\"widget\" data-e-type=\"widget\" data-settings=\"{&quot;_animation&quot;:&quot;slideInDown&quot;}\" data-widget_type=\"heading.default\">\n\t\t\t\t<div class=\"elementor-widget-container\">\n\t\t\t\t\t<h2 class=\"elementor-heading-title elementor-size-default\"><a href=\"https:\/\/www.sandiafashion.com\/momentos-fashion\/momentos-salud\/\">GESUNDHEIT<\/a><\/h2>\t\t\t\t<\/div>\n\t\t\t\t<\/div>\n\t\t\t\t\t<\/div>\n\t\t<\/div>\n\t\t\t\t<div class=\"elementor-column elementor-col-25 elementor-top-column elementor-element elementor-element-91258d5\" data-id=\"91258d5\" data-element_type=\"column\" data-e-type=\"column\">\n\t\t\t<div class=\"elementor-widget-wrap elementor-element-populated\">\n\t\t\t\t\t\t<div class=\"elementor-element elementor-element-b84946d elementor-widget elementor-widget-image\" data-id=\"b84946d\" data-element_type=\"widget\" data-e-type=\"widget\" data-widget_type=\"image.default\">\n\t\t\t\t<div class=\"elementor-widget-container\">\n\t\t\t\t\t\t\t\t\t\t\t\t\t\t\t\t<a href=\"https:\/\/www.sandiafashion.com\/de\/deporte\/\">\n\t\t\t\t\t\t\t<img loading=\"lazy\" decoding=\"async\" width=\"800\" height=\"800\" src=\"https:\/\/www.sandiafashion.com\/wp-content\/uploads\/2022\/06\/deporte.png\" class=\"attachment-large size-large wp-image-12489\" alt=\"\" srcset=\"https:\/\/www.sandiafashion.com\/wp-content\/uploads\/2022\/06\/deporte.png 1000w, https:\/\/www.sandiafashion.com\/wp-content\/uploads\/2022\/06\/deporte-300x300.png 300w, https:\/\/www.sandiafashion.com\/wp-content\/uploads\/2022\/06\/deporte-150x150.png 150w, https:\/\/www.sandiafashion.com\/wp-content\/uploads\/2022\/06\/deporte-768x768.png 768w\" sizes=\"(max-width: 800px) 100vw, 800px\" \/>\t\t\t\t\t\t\t\t<\/a>\n\t\t\t\t\t\t\t\t\t\t\t\t\t\t\t<\/div>\n\t\t\t\t<\/div>\n\t\t\t\t<div class=\"elementor-element elementor-element-6adb428 elementor-invisible elementor-widget elementor-widget-heading\" data-id=\"6adb428\" data-element_type=\"widget\" data-e-type=\"widget\" data-settings=\"{&quot;_animation&quot;:&quot;slideInDown&quot;}\" data-widget_type=\"heading.default\">\n\t\t\t\t<div class=\"elementor-widget-container\">\n\t\t\t\t\t<h2 class=\"elementor-heading-title elementor-size-default\"><a href=\"https:\/\/www.sandiafashion.com\/de\/deporte\/\">SPORT<\/a><\/h2>\t\t\t\t<\/div>\n\t\t\t\t<\/div>\n\t\t\t\t\t<\/div>\n\t\t<\/div>\n\t\t\t\t<div class=\"elementor-column elementor-col-25 elementor-top-column elementor-element elementor-element-66679d6\" data-id=\"66679d6\" data-element_type=\"column\" data-e-type=\"column\">\n\t\t\t<div class=\"elementor-widget-wrap elementor-element-populated\">\n\t\t\t\t\t\t<div class=\"elementor-element elementor-element-d8a16da elementor-widget elementor-widget-image\" data-id=\"d8a16da\" data-element_type=\"widget\" data-e-type=\"widget\" data-widget_type=\"image.default\">\n\t\t\t\t<div class=\"elementor-widget-container\">\n\t\t\t\t\t\t\t\t\t\t\t\t\t\t\t\t<a href=\"https:\/\/www.sandiafashion.com\/de\/momentos-fashion-blog\/estilo-fashion\/\">\n\t\t\t\t\t\t\t<img loading=\"lazy\" decoding=\"async\" width=\"800\" height=\"800\" src=\"https:\/\/www.sandiafashion.com\/wp-content\/uploads\/2022\/06\/estilo-fashion.png\" class=\"attachment-large size-large wp-image-12493\" alt=\"\" srcset=\"https:\/\/www.sandiafashion.com\/wp-content\/uploads\/2022\/06\/estilo-fashion.png 1000w, https:\/\/www.sandiafashion.com\/wp-content\/uploads\/2022\/06\/estilo-fashion-300x300.png 300w, https:\/\/www.sandiafashion.com\/wp-content\/uploads\/2022\/06\/estilo-fashion-150x150.png 150w, https:\/\/www.sandiafashion.com\/wp-content\/uploads\/2022\/06\/estilo-fashion-768x768.png 768w\" sizes=\"(max-width: 800px) 100vw, 800px\" \/>\t\t\t\t\t\t\t\t<\/a>\n\t\t\t\t\t\t\t\t\t\t\t\t\t\t\t<\/div>\n\t\t\t\t<\/div>\n\t\t\t\t<div class=\"elementor-element elementor-element-0ae8236 elementor-invisible elementor-widget elementor-widget-heading\" data-id=\"0ae8236\" data-element_type=\"widget\" data-e-type=\"widget\" data-settings=\"{&quot;_animation&quot;:&quot;slideInDown&quot;}\" data-widget_type=\"heading.default\">\n\t\t\t\t<div class=\"elementor-widget-container\">\n\t\t\t\t\t<h2 class=\"elementor-heading-title elementor-size-default\"><a href=\"https:\/\/www.sandiafashion.com\/de\/momentos-fashion-blog\/estilo-fashion\/\">MODE FASHION<\/a><\/h2>\t\t\t\t<\/div>\n\t\t\t\t<\/div>\n\t\t\t\t\t<\/div>\n\t\t<\/div>\n\t\t\t\t<div class=\"elementor-column elementor-col-25 elementor-top-column elementor-element elementor-element-a0c622e\" data-id=\"a0c622e\" data-element_type=\"column\" data-e-type=\"column\">\n\t\t\t<div class=\"elementor-widget-wrap elementor-element-populated\">\n\t\t\t\t\t\t<div class=\"elementor-element elementor-element-699a758 elementor-widget elementor-widget-image\" data-id=\"699a758\" data-element_type=\"widget\" data-e-type=\"widget\" data-widget_type=\"image.default\">\n\t\t\t\t<div class=\"elementor-widget-container\">\n\t\t\t\t\t\t\t\t\t\t\t\t\t\t\t\t<a href=\"https:\/\/www.sandiafashion.com\/de\/ihr-perfektes-outfit-ist-nachhaltig\/sostenibilidad\/\">\n\t\t\t\t\t\t\t<img loading=\"lazy\" decoding=\"async\" width=\"800\" height=\"800\" src=\"https:\/\/www.sandiafashion.com\/wp-content\/uploads\/2022\/06\/sostenible.png\" class=\"attachment-large size-large wp-image-12497\" alt=\"\" srcset=\"https:\/\/www.sandiafashion.com\/wp-content\/uploads\/2022\/06\/sostenible.png 1000w, https:\/\/www.sandiafashion.com\/wp-content\/uploads\/2022\/06\/sostenible-300x300.png 300w, https:\/\/www.sandiafashion.com\/wp-content\/uploads\/2022\/06\/sostenible-150x150.png 150w, https:\/\/www.sandiafashion.com\/wp-content\/uploads\/2022\/06\/sostenible-768x768.png 768w\" sizes=\"(max-width: 800px) 100vw, 800px\" \/>\t\t\t\t\t\t\t\t<\/a>\n\t\t\t\t\t\t\t\t\t\t\t\t\t\t\t<\/div>\n\t\t\t\t<\/div>\n\t\t\t\t<div class=\"elementor-element elementor-element-a0396cd elementor-invisible elementor-widget elementor-widget-heading\" data-id=\"a0396cd\" data-element_type=\"widget\" data-e-type=\"widget\" data-settings=\"{&quot;_animation&quot;:&quot;slideInDown&quot;}\" data-widget_type=\"heading.default\">\n\t\t\t\t<div class=\"elementor-widget-container\">\n\t\t\t\t\t<h2 class=\"elementor-heading-title elementor-size-default\"><a href=\"https:\/\/www.sandiafashion.com\/de\/ihr-perfektes-outfit-ist-nachhaltig\/sostenibilidad\/\">NACHHALTIGKEIT<\/a><\/h2>\t\t\t\t<\/div>\n\t\t\t\t<\/div>\n\t\t\t\t\t<\/div>\n\t\t<\/div>\n\t\t\t\t\t<\/div>\n\t\t<\/section>\n\t\t\t\t<section class=\"elementor-section elementor-top-section elementor-element elementor-element-cd57752 elementor-section-boxed elementor-section-height-default elementor-section-height-default\" data-id=\"cd57752\" data-element_type=\"section\" data-e-type=\"section\" data-settings=\"{&quot;shape_divider_top&quot;:&quot;waves&quot;}\">\n\t\t\t\t\t<div class=\"elementor-shape elementor-shape-top\" aria-hidden=\"true\" data-negative=\"false\">\n\t\t\t<svg xmlns=\"http:\/\/www.w3.org\/2000\/svg\" viewBox=\"0 0 1000 100\" preserveAspectRatio=\"none\">\n\t<path class=\"elementor-shape-fill\" d=\"M421.9,6.5c22.6-2.5,51.5,0.4,75.5,5.3c23.6,4.9,70.9,23.5,100.5,35.7c75.8,32.2,133.7,44.5,192.6,49.7\n\tc23.6,2.1,48.7,3.5,103.4-2.5c54.7-6,106.2-25.6,106.2-25.6V0H0v30.3c0,0,72,32.6,158.4,30.5c39.2-0.7,92.8-6.7,134-22.4\n\tc21.2-8.1,52.2-18.2,79.7-24.2C399.3,7.9,411.6,7.5,421.9,6.5z\"\/>\n<\/svg>\t\t<\/div>\n\t\t\t\t\t<div class=\"elementor-container elementor-column-gap-default\">\n\t\t\t\t\t<div class=\"elementor-column elementor-col-100 elementor-top-column elementor-element elementor-element-3605072\" data-id=\"3605072\" data-element_type=\"column\" data-e-type=\"column\">\n\t\t\t<div class=\"elementor-widget-wrap elementor-element-populated\">\n\t\t\t\t\t\t\t<\/div>\n\t\t<\/div>\n\t\t\t\t\t<\/div>\n\t\t<\/section>\n\t\t\t\t<\/div>\n\t\t","protected":false},"excerpt":{"rendered":"<p>SPORTMOMENTE GESUNDHEIT SPORT MODE FASHION NACHHALTIGKEIT<\/p>\n","protected":false},"author":10,"featured_media":8822,"parent":6892,"menu_order":0,"comment_status":"closed","ping_status":"closed","template":"elementor_header_footer","meta":{"wprm-recipe-roundup-name":"","wprm-recipe-roundup-description":"","footnotes":""},"class_list":["post-7360","page","type-page","status-publish","has-post-thumbnail","hentry"],"yoast_head":"<!-- This site is optimized with the Yoast SEO plugin v27.4 - https:\/\/yoast.com\/product\/yoast-seo-wordpress\/ -->\n<title>Sand\u00eda Fashion | Nat\u00fcrliche, gesunde und kernlose Wassermelone.<\/title>\n<meta name=\"description\" content=\"Genie\u00dfen Sie Fashion-Momente mit Ihren Liebsten mit einer nat\u00fcrlichen, gesunden und kernlosen Wassermelone. Was ist Ihr Fashion-Moment? Kommen Sie rein und finden Sie es heraus.\" \/>\n<meta name=\"robots\" content=\"index, follow, max-snippet:-1, max-image-preview:large, max-video-preview:-1\" \/>\n<link rel=\"canonical\" href=\"https:\/\/www.sandiafashion.com\/de\/blog\/sport-momente\/\" \/>\n<meta property=\"og:locale\" content=\"de_DE\" \/>\n<meta property=\"og:type\" content=\"article\" \/>\n<meta property=\"og:title\" content=\"Sand\u00eda Fashion | Nat\u00fcrliche, gesunde und kernlose Wassermelone.\" \/>\n<meta property=\"og:description\" content=\"Genie\u00dfen Sie Fashion-Momente mit Ihren Liebsten mit einer nat\u00fcrlichen, gesunden und kernlosen Wassermelone. Was ist Ihr Fashion-Moment? Kommen Sie rein und finden Sie es heraus.\" \/>\n<meta property=\"og:url\" content=\"https:\/\/www.sandiafashion.com\/de\/blog\/sport-momente\/\" \/>\n<meta property=\"og:site_name\" content=\"Sand\u00eda Fashion\" \/>\n<meta property=\"article:publisher\" content=\"https:\/\/es-es.facebook.com\/sandiafashion\" \/>\n<meta property=\"article:modified_time\" content=\"2022-06-06T15:00:18+00:00\" \/>\n<meta property=\"og:image\" content=\"https:\/\/www.sandiafashion.com\/wp-content\/uploads\/2021\/04\/sandia.png\" \/>\n\t<meta property=\"og:image:width\" content=\"1080\" \/>\n\t<meta property=\"og:image:height\" content=\"1080\" \/>\n\t<meta property=\"og:image:type\" content=\"image\/png\" \/>\n<meta name=\"twitter:card\" content=\"summary_large_image\" \/>\n<meta name=\"twitter:site\" content=\"@sandiafashion\" \/>\n<script type=\"application\/ld+json\" class=\"yoast-schema-graph\">{\"@context\":\"https:\\\/\\\/schema.org\",\"@graph\":[{\"@type\":\"WebPage\",\"@id\":\"https:\\\/\\\/www.sandiafashion.com\\\/de\\\/blog\\\/sport-momente\\\/\",\"url\":\"https:\\\/\\\/www.sandiafashion.com\\\/de\\\/blog\\\/sport-momente\\\/\",\"name\":\"Sand\u00eda Fashion | Nat\u00fcrliche, gesunde und kernlose Wassermelone.\",\"isPartOf\":{\"@id\":\"https:\\\/\\\/www.sandiafashion.com\\\/#website\"},\"primaryImageOfPage\":{\"@id\":\"https:\\\/\\\/www.sandiafashion.com\\\/de\\\/blog\\\/sport-momente\\\/#primaryimage\"},\"image\":{\"@id\":\"https:\\\/\\\/www.sandiafashion.com\\\/de\\\/blog\\\/sport-momente\\\/#primaryimage\"},\"thumbnailUrl\":\"https:\\\/\\\/www.sandiafashion.com\\\/wp-content\\\/uploads\\\/2021\\\/04\\\/sandia.png\",\"datePublished\":\"2021-02-22T09:12:16+00:00\",\"dateModified\":\"2022-06-06T15:00:18+00:00\",\"description\":\"Genie\u00dfen Sie Fashion-Momente mit Ihren Liebsten mit einer nat\u00fcrlichen, gesunden und kernlosen Wassermelone. Was ist Ihr Fashion-Moment? Kommen Sie rein und finden Sie es heraus.\",\"breadcrumb\":{\"@id\":\"https:\\\/\\\/www.sandiafashion.com\\\/de\\\/blog\\\/sport-momente\\\/#breadcrumb\"},\"inLanguage\":\"de\",\"potentialAction\":[{\"@type\":\"ReadAction\",\"target\":[\"https:\\\/\\\/www.sandiafashion.com\\\/de\\\/blog\\\/sport-momente\\\/\"]}]},{\"@type\":\"ImageObject\",\"inLanguage\":\"de\",\"@id\":\"https:\\\/\\\/www.sandiafashion.com\\\/de\\\/blog\\\/sport-momente\\\/#primaryimage\",\"url\":\"https:\\\/\\\/www.sandiafashion.com\\\/wp-content\\\/uploads\\\/2021\\\/04\\\/sandia.png\",\"contentUrl\":\"https:\\\/\\\/www.sandiafashion.com\\\/wp-content\\\/uploads\\\/2021\\\/04\\\/sandia.png\",\"width\":1080,\"height\":1080},{\"@type\":\"BreadcrumbList\",\"@id\":\"https:\\\/\\\/www.sandiafashion.com\\\/de\\\/blog\\\/sport-momente\\\/#breadcrumb\",\"itemListElement\":[{\"@type\":\"ListItem\",\"position\":1,\"name\":\"Startseite\",\"item\":\"https:\\\/\\\/www.sandiafashion.com\\\/de\\\/\"},{\"@type\":\"ListItem\",\"position\":2,\"name\":\"Erfahren Sie alles \u00fcber die Wassermelone: Rezepte, Kuriosit\u00e4ten und Tipps\",\"item\":\"https:\\\/\\\/www.sandiafashion.com\\\/de\\\/blog\\\/\"},{\"@type\":\"ListItem\",\"position\":3,\"name\":\"Sport\"}]},{\"@type\":\"WebSite\",\"@id\":\"https:\\\/\\\/www.sandiafashion.com\\\/#website\",\"url\":\"https:\\\/\\\/www.sandiafashion.com\\\/\",\"name\":\"Sand\u00eda Fashion\",\"description\":\"La sand\u00eda sin pepitas\",\"publisher\":{\"@id\":\"https:\\\/\\\/www.sandiafashion.com\\\/#organization\"},\"potentialAction\":[{\"@type\":\"SearchAction\",\"target\":{\"@type\":\"EntryPoint\",\"urlTemplate\":\"https:\\\/\\\/www.sandiafashion.com\\\/?s={search_term_string}\"},\"query-input\":{\"@type\":\"PropertyValueSpecification\",\"valueRequired\":true,\"valueName\":\"search_term_string\"}}],\"inLanguage\":\"de\"},{\"@type\":\"Organization\",\"@id\":\"https:\\\/\\\/www.sandiafashion.com\\\/#organization\",\"name\":\"Sand\u00eda Fashion\",\"url\":\"https:\\\/\\\/www.sandiafashion.com\\\/\",\"logo\":{\"@type\":\"ImageObject\",\"inLanguage\":\"de\",\"@id\":\"https:\\\/\\\/www.sandiafashion.com\\\/#\\\/schema\\\/logo\\\/image\\\/\",\"url\":\"https:\\\/\\\/www.sandiafashion.com\\\/wp-content\\\/uploads\\\/2016\\\/02\\\/sandia-fashion-logo.png\",\"contentUrl\":\"https:\\\/\\\/www.sandiafashion.com\\\/wp-content\\\/uploads\\\/2016\\\/02\\\/sandia-fashion-logo.png\",\"width\":719,\"height\":221,\"caption\":\"Sand\u00eda Fashion\"},\"image\":{\"@id\":\"https:\\\/\\\/www.sandiafashion.com\\\/#\\\/schema\\\/logo\\\/image\\\/\"},\"sameAs\":[\"https:\\\/\\\/es-es.facebook.com\\\/sandiafashion\",\"https:\\\/\\\/x.com\\\/sandiafashion\",\"https:\\\/\\\/www.instagram.com\\\/sandiafashionoficial\\\/?hl=es\",\"https:\\\/\\\/es.linkedin.com\\\/company\\\/grupo-agf\",\"https:\\\/\\\/www.youtube.com\\\/channel\\\/UCrRbYBZ2CkZWAwGMJiorj_Q\"]}]}<\/script>\n<!-- \/ Yoast SEO plugin. -->","yoast_head_json":{"title":"Sand\u00eda Fashion | Nat\u00fcrliche, gesunde und kernlose Wassermelone.","description":"Genie\u00dfen Sie Fashion-Momente mit Ihren Liebsten mit einer nat\u00fcrlichen, gesunden und kernlosen Wassermelone. Was ist Ihr Fashion-Moment? Kommen Sie rein und finden Sie es heraus.","robots":{"index":"index","follow":"follow","max-snippet":"max-snippet:-1","max-image-preview":"max-image-preview:large","max-video-preview":"max-video-preview:-1"},"canonical":"https:\/\/www.sandiafashion.com\/de\/blog\/sport-momente\/","og_locale":"de_DE","og_type":"article","og_title":"Sand\u00eda Fashion | Nat\u00fcrliche, gesunde und kernlose Wassermelone.","og_description":"Genie\u00dfen Sie Fashion-Momente mit Ihren Liebsten mit einer nat\u00fcrlichen, gesunden und kernlosen Wassermelone. Was ist Ihr Fashion-Moment? Kommen Sie rein und finden Sie es heraus.","og_url":"https:\/\/www.sandiafashion.com\/de\/blog\/sport-momente\/","og_site_name":"Sand\u00eda Fashion","article_publisher":"https:\/\/es-es.facebook.com\/sandiafashion","article_modified_time":"2022-06-06T15:00:18+00:00","og_image":[{"width":1080,"height":1080,"url":"https:\/\/www.sandiafashion.com\/wp-content\/uploads\/2021\/04\/sandia.png","type":"image\/png"}],"twitter_card":"summary_large_image","twitter_site":"@sandiafashion","schema":{"@context":"https:\/\/schema.org","@graph":[{"@type":"WebPage","@id":"https:\/\/www.sandiafashion.com\/de\/blog\/sport-momente\/","url":"https:\/\/www.sandiafashion.com\/de\/blog\/sport-momente\/","name":"Sand\u00eda Fashion | Nat\u00fcrliche, gesunde und kernlose Wassermelone.","isPartOf":{"@id":"https:\/\/www.sandiafashion.com\/#website"},"primaryImageOfPage":{"@id":"https:\/\/www.sandiafashion.com\/de\/blog\/sport-momente\/#primaryimage"},"image":{"@id":"https:\/\/www.sandiafashion.com\/de\/blog\/sport-momente\/#primaryimage"},"thumbnailUrl":"https:\/\/www.sandiafashion.com\/wp-content\/uploads\/2021\/04\/sandia.png","datePublished":"2021-02-22T09:12:16+00:00","dateModified":"2022-06-06T15:00:18+00:00","description":"Genie\u00dfen Sie Fashion-Momente mit Ihren Liebsten mit einer nat\u00fcrlichen, gesunden und kernlosen Wassermelone. Was ist Ihr Fashion-Moment? Kommen Sie rein und finden Sie es heraus.","breadcrumb":{"@id":"https:\/\/www.sandiafashion.com\/de\/blog\/sport-momente\/#breadcrumb"},"inLanguage":"de","potentialAction":[{"@type":"ReadAction","target":["https:\/\/www.sandiafashion.com\/de\/blog\/sport-momente\/"]}]},{"@type":"ImageObject","inLanguage":"de","@id":"https:\/\/www.sandiafashion.com\/de\/blog\/sport-momente\/#primaryimage","url":"https:\/\/www.sandiafashion.com\/wp-content\/uploads\/2021\/04\/sandia.png","contentUrl":"https:\/\/www.sandiafashion.com\/wp-content\/uploads\/2021\/04\/sandia.png","width":1080,"height":1080},{"@type":"BreadcrumbList","@id":"https:\/\/www.sandiafashion.com\/de\/blog\/sport-momente\/#breadcrumb","itemListElement":[{"@type":"ListItem","position":1,"name":"Startseite","item":"https:\/\/www.sandiafashion.com\/de\/"},{"@type":"ListItem","position":2,"name":"Erfahren Sie alles \u00fcber die Wassermelone: Rezepte, Kuriosit\u00e4ten und Tipps","item":"https:\/\/www.sandiafashion.com\/de\/blog\/"},{"@type":"ListItem","position":3,"name":"Sport"}]},{"@type":"WebSite","@id":"https:\/\/www.sandiafashion.com\/#website","url":"https:\/\/www.sandiafashion.com\/","name":"Sand\u00eda Fashion","description":"La sand\u00eda sin pepitas","publisher":{"@id":"https:\/\/www.sandiafashion.com\/#organization"},"potentialAction":[{"@type":"SearchAction","target":{"@type":"EntryPoint","urlTemplate":"https:\/\/www.sandiafashion.com\/?s={search_term_string}"},"query-input":{"@type":"PropertyValueSpecification","valueRequired":true,"valueName":"search_term_string"}}],"inLanguage":"de"},{"@type":"Organization","@id":"https:\/\/www.sandiafashion.com\/#organization","name":"Sand\u00eda Fashion","url":"https:\/\/www.sandiafashion.com\/","logo":{"@type":"ImageObject","inLanguage":"de","@id":"https:\/\/www.sandiafashion.com\/#\/schema\/logo\/image\/","url":"https:\/\/www.sandiafashion.com\/wp-content\/uploads\/2016\/02\/sandia-fashion-logo.png","contentUrl":"https:\/\/www.sandiafashion.com\/wp-content\/uploads\/2016\/02\/sandia-fashion-logo.png","width":719,"height":221,"caption":"Sand\u00eda Fashion"},"image":{"@id":"https:\/\/www.sandiafashion.com\/#\/schema\/logo\/image\/"},"sameAs":["https:\/\/es-es.facebook.com\/sandiafashion","https:\/\/x.com\/sandiafashion","https:\/\/www.instagram.com\/sandiafashionoficial\/?hl=es","https:\/\/es.linkedin.com\/company\/grupo-agf","https:\/\/www.youtube.com\/channel\/UCrRbYBZ2CkZWAwGMJiorj_Q"]}]}},"_links":{"self":[{"href":"https:\/\/www.sandiafashion.com\/de\/wp-json\/wp\/v2\/pages\/7360","targetHints":{"allow":["GET"]}}],"collection":[{"href":"https:\/\/www.sandiafashion.com\/de\/wp-json\/wp\/v2\/pages"}],"about":[{"href":"https:\/\/www.sandiafashion.com\/de\/wp-json\/wp\/v2\/types\/page"}],"author":[{"embeddable":true,"href":"https:\/\/www.sandiafashion.com\/de\/wp-json\/wp\/v2\/users\/10"}],"replies":[{"embeddable":true,"href":"https:\/\/www.sandiafashion.com\/de\/wp-json\/wp\/v2\/comments?post=7360"}],"version-history":[{"count":0,"href":"https:\/\/www.sandiafashion.com\/de\/wp-json\/wp\/v2\/pages\/7360\/revisions"}],"up":[{"embeddable":true,"href":"https:\/\/www.sandiafashion.com\/de\/wp-json\/wp\/v2\/pages\/6892"}],"wp:featuredmedia":[{"embeddable":true,"href":"https:\/\/www.sandiafashion.com\/de\/wp-json\/wp\/v2\/media\/8822"}],"wp:attachment":[{"href":"https:\/\/www.sandiafashion.com\/de\/wp-json\/wp\/v2\/media?parent=7360"}],"curies":[{"name":"wp","href":"https:\/\/api.w.org\/{rel}","templated":true}]}}