{"id":6878,"date":"2021-02-20T22:53:57","date_gmt":"2021-02-20T22:53:57","guid":{"rendered":"https:\/\/www.sandiafashion.com\/choisissez-votre-fashion\/"},"modified":"2024-09-12T13:02:26","modified_gmt":"2024-09-12T11:02:26","slug":"choisissez-votre-fashion","status":"publish","type":"page","link":"https:\/\/www.sandiafashion.com\/fr\/choisissez-votre-fashion\/","title":{"rendered":"Choisissez votre Fashion"},"content":{"rendered":"\t\t<div data-elementor-type=\"wp-page\" data-elementor-id=\"6878\" class=\"elementor elementor-6878 elementor-6383\" data-elementor-post-type=\"page\">\n\t\t\t\t\t\t<section class=\"elementor-section elementor-top-section elementor-element elementor-element-d8b02dc elementor-section-items-stretch elementor-section-height-min-height elementor-section-boxed elementor-section-height-default\" data-id=\"d8b02dc\" data-element_type=\"section\" data-e-type=\"section\" data-settings=\"{&quot;background_background&quot;:&quot;classic&quot;}\">\n\t\t\t\t\t\t<div class=\"elementor-container elementor-column-gap-no\">\n\t\t\t\t\t<div class=\"elementor-column elementor-col-100 elementor-top-column elementor-element elementor-element-afbbc79\" data-id=\"afbbc79\" data-element_type=\"column\" data-e-type=\"column\">\n\t\t\t<div class=\"elementor-widget-wrap elementor-element-populated\">\n\t\t\t\t\t\t<div class=\"elementor-element elementor-element-801394c elementor-invisible elementor-widget elementor-widget-heading\" data-id=\"801394c\" data-element_type=\"widget\" data-e-type=\"widget\" data-settings=\"{&quot;_animation&quot;:&quot;slideInLeft&quot;}\" data-widget_type=\"heading.default\">\n\t\t\t\t<div class=\"elementor-widget-container\">\n\t\t\t\t\t<h1 class=\"elementor-heading-title elementor-size-default\"> CHOISISSEZ VOTRE FASHION<\/h1>\t\t\t\t<\/div>\n\t\t\t\t<\/div>\n\t\t\t\t\t<\/div>\n\t\t<\/div>\n\t\t\t\t\t<\/div>\n\t\t<\/section>\n\t\t\t\t<section class=\"elementor-section elementor-top-section elementor-element elementor-element-f597288 elementor-section-boxed elementor-section-height-default elementor-section-height-default\" data-id=\"f597288\" data-element_type=\"section\" data-e-type=\"section\">\n\t\t\t\t\t\t<div class=\"elementor-container elementor-column-gap-default\">\n\t\t\t\t\t<div class=\"elementor-column elementor-col-100 elementor-top-column elementor-element elementor-element-f8cf3e3\" data-id=\"f8cf3e3\" data-element_type=\"column\" data-e-type=\"column\">\n\t\t\t<div class=\"elementor-widget-wrap elementor-element-populated\">\n\t\t\t\t\t\t<div class=\"elementor-element elementor-element-b769233 elementor-widget elementor-widget-breadcrumbs\" data-id=\"b769233\" data-element_type=\"widget\" data-e-type=\"widget\" data-widget_type=\"breadcrumbs.default\">\n\t\t\t\t<div class=\"elementor-widget-container\">\n\t\t\t\t\t<p id=\"breadcrumbs\"><span><span><a href=\"https:\/\/www.sandiafashion.com\/fr\/\">Accueil<\/a><\/span><\/span><\/p>\t\t\t\t<\/div>\n\t\t\t\t<\/div>\n\t\t\t\t\t<\/div>\n\t\t<\/div>\n\t\t\t\t\t<\/div>\n\t\t<\/section>\n\t\t\t\t<section class=\"elementor-section elementor-top-section elementor-element elementor-element-12ce607 elementor-section-boxed elementor-section-height-default elementor-section-height-default\" data-id=\"12ce607\" data-element_type=\"section\" data-e-type=\"section\">\n\t\t\t\t\t\t<div class=\"elementor-container elementor-column-gap-default\">\n\t\t\t\t\t<div class=\"elementor-column elementor-col-100 elementor-top-column elementor-element elementor-element-033e341\" data-id=\"033e341\" data-element_type=\"column\" data-e-type=\"column\">\n\t\t\t<div class=\"elementor-widget-wrap elementor-element-populated\">\n\t\t\t\t\t\t<div class=\"elementor-element elementor-element-baf1c88 elementor-invisible elementor-widget elementor-widget-heading\" data-id=\"baf1c88\" data-element_type=\"widget\" data-e-type=\"widget\" data-settings=\"{&quot;_animation&quot;:&quot;slideInLeft&quot;}\" data-widget_type=\"heading.default\">\n\t\t\t\t<div class=\"elementor-widget-container\">\n\t\t\t\t\t<p class=\"elementor-heading-title elementor-size-default\">Si vous \u00eates arriv\u00e9 jusqu'ici, f\u00e9licitations!<\/p>\t\t\t\t<\/div>\n\t\t\t\t<\/div>\n\t\t\t\t<div class=\"elementor-element elementor-element-5237a7c elementor-invisible elementor-widget elementor-widget-heading\" data-id=\"5237a7c\" data-element_type=\"widget\" data-e-type=\"widget\" data-settings=\"{&quot;_animation&quot;:&quot;slideInLeft&quot;}\" data-widget_type=\"heading.default\">\n\t\t\t\t<div class=\"elementor-widget-container\">\n\t\t\t\t\t<p class=\"elementor-heading-title elementor-size-default\">Cela signifie que vous \u00eates une personne tr\u00e8s naturelle.<\/p>\t\t\t\t<\/div>\n\t\t\t\t<\/div>\n\t\t\t\t<div class=\"elementor-element elementor-element-7c404df elementor-invisible elementor-widget elementor-widget-heading\" data-id=\"7c404df\" data-element_type=\"widget\" data-e-type=\"widget\" data-settings=\"{&quot;_animation&quot;:&quot;slideInLeft&quot;}\" data-widget_type=\"heading.default\">\n\t\t\t\t<div class=\"elementor-widget-container\">\n\t\t\t\t\t<p class=\"elementor-heading-title elementor-size-default\">Watermelon Fashi\u00f3n se marie parfaitement avec votre style de vie. Peu importe ce que c'est:<\/p>\t\t\t\t<\/div>\n\t\t\t\t<\/div>\n\t\t\t\t<div class=\"elementor-element elementor-element-543105b elementor-widget elementor-widget-spacer\" data-id=\"543105b\" data-element_type=\"widget\" data-e-type=\"widget\" data-widget_type=\"spacer.default\">\n\t\t\t\t<div class=\"elementor-widget-container\">\n\t\t\t\t\t\t\t<div class=\"elementor-spacer\">\n\t\t\t<div class=\"elementor-spacer-inner\"><\/div>\n\t\t<\/div>\n\t\t\t\t\t\t<\/div>\n\t\t\t\t<\/div>\n\t\t\t\t\t<\/div>\n\t\t<\/div>\n\t\t\t\t\t<\/div>\n\t\t<\/section>\n\t\t\t\t<section class=\"elementor-section elementor-top-section elementor-element elementor-element-840af0a elementor-section-boxed elementor-section-height-default elementor-section-height-default\" data-id=\"840af0a\" data-element_type=\"section\" data-e-type=\"section\">\n\t\t\t\t\t\t<div class=\"elementor-container elementor-column-gap-default\">\n\t\t\t\t\t<div class=\"elementor-column elementor-col-100 elementor-top-column elementor-element elementor-element-ab2f180\" data-id=\"ab2f180\" data-element_type=\"column\" data-e-type=\"column\">\n\t\t\t<div class=\"elementor-widget-wrap elementor-element-populated\">\n\t\t\t\t\t\t<div class=\"elementor-element elementor-element-0b311b3 elementor-widget elementor-widget-heading\" data-id=\"0b311b3\" data-element_type=\"widget\" data-e-type=\"widget\" data-settings=\"{&quot;_animation&quot;:&quot;none&quot;}\" data-widget_type=\"heading.default\">\n\t\t\t\t<div class=\"elementor-widget-container\">\n\t\t\t\t\t<h2 class=\"elementor-heading-title elementor-size-default\">FUNDACI\u00d3N ESPA\u00d1OLA DEL CORAZ\u00d3N<\/h2>\t\t\t\t<\/div>\n\t\t\t\t<\/div>\n\t\t\t\t<section class=\"elementor-section elementor-inner-section elementor-element elementor-element-0269254 elementor-section-boxed elementor-section-height-default elementor-section-height-default\" data-id=\"0269254\" data-element_type=\"section\" data-e-type=\"section\">\n\t\t\t\t\t\t<div class=\"elementor-container elementor-column-gap-default\">\n\t\t\t\t\t<div class=\"elementor-column elementor-col-50 elementor-inner-column elementor-element elementor-element-78fa38e\" data-id=\"78fa38e\" data-element_type=\"column\" data-e-type=\"column\">\n\t\t\t<div class=\"elementor-widget-wrap elementor-element-populated\">\n\t\t\t\t\t\t<div class=\"elementor-element elementor-element-ac9f2fa elementor-widget elementor-widget-text-editor\" data-id=\"ac9f2fa\" data-element_type=\"widget\" data-e-type=\"widget\" data-widget_type=\"text-editor.default\">\n\t\t\t\t<div class=\"elementor-widget-container\">\n\t\t\t\t\t\t\t\t\t<p>La Fundaci\u00f3n Espa\u00f1ola del Coraz\u00f3n (FEC) ha creado el Programa Alimentaci\u00f3n y Salud (PASFEC) para cumplir con dos objetivos complementarios:<\/p>\n<ul>\n<li>Facilitar al consumidor una referencia para la identificaci\u00f3n de los productos m\u00e1s saludables, bas\u00e1ndose en criterios objetivos establecidos previamente por expertos de la FEC y que les ayude a proteger y mejorar la salud cardiovascular.<\/li>\n<li>Incentivar a la industria a que desarrolle productos m\u00e1s beneficiosos para la salud.<\/li>\n<\/ul>\n<p><strong>Sandia Fashion es un alimento con muy bajo contenido en sodio &lt;4mg\/100g. Un menor contenido en sodios contribuye a mantener la tensi\u00f3n arterial normal.<\/strong><\/p>\n\t\t\t\t\t\t\t\t<\/div>\n\t\t\t\t<\/div>\n\t\t\t\t\t<\/div>\n\t\t<\/div>\n\t\t\t\t<div class=\"elementor-column elementor-col-50 elementor-inner-column elementor-element elementor-element-ea4c407\" data-id=\"ea4c407\" data-element_type=\"column\" data-e-type=\"column\">\n\t\t\t<div class=\"elementor-widget-wrap elementor-element-populated\">\n\t\t\t\t\t\t<div class=\"elementor-element elementor-element-540ad62 elementor-widget elementor-widget-image\" data-id=\"540ad62\" data-element_type=\"widget\" data-e-type=\"widget\" data-widget_type=\"image.default\">\n\t\t\t\t<div class=\"elementor-widget-container\">\n\t\t\t\t\t\t\t\t\t\t\t\t\t\t\t<img decoding=\"async\" width=\"200\" height=\"200\" src=\"https:\/\/www.sandiafashion.com\/wp-content\/uploads\/2020\/06\/Sello-FUNDACION-CORAZON_SAndiaFASHION.png\" class=\"attachment-large size-large wp-image-6141\" alt=\"\" srcset=\"https:\/\/www.sandiafashion.com\/wp-content\/uploads\/2020\/06\/Sello-FUNDACION-CORAZON_SAndiaFASHION.png 200w, https:\/\/www.sandiafashion.com\/wp-content\/uploads\/2020\/06\/Sello-FUNDACION-CORAZON_SAndiaFASHION-150x150.png 150w, https:\/\/www.sandiafashion.com\/wp-content\/uploads\/2020\/06\/Sello-FUNDACION-CORAZON_SAndiaFASHION-60x60.png 60w\" sizes=\"(max-width: 200px) 100vw, 200px\" loading=\"lazy\" \/>\t\t\t\t\t\t\t\t\t\t\t\t\t\t\t<\/div>\n\t\t\t\t<\/div>\n\t\t\t\t\t<\/div>\n\t\t<\/div>\n\t\t\t\t\t<\/div>\n\t\t<\/section>\n\t\t\t\t<section class=\"elementor-section elementor-inner-section elementor-element elementor-element-5d1a6fc elementor-section-boxed elementor-section-height-default elementor-section-height-default\" data-id=\"5d1a6fc\" data-element_type=\"section\" data-e-type=\"section\">\n\t\t\t\t\t\t<div class=\"elementor-container elementor-column-gap-default\">\n\t\t\t\t\t<div class=\"elementor-column elementor-col-100 elementor-inner-column elementor-element elementor-element-cec0938\" data-id=\"cec0938\" data-element_type=\"column\" data-e-type=\"column\">\n\t\t\t<div class=\"elementor-widget-wrap elementor-element-populated\">\n\t\t\t\t\t\t<div class=\"elementor-element elementor-element-b3e08a4 elementor-widget elementor-widget-heading\" data-id=\"b3e08a4\" data-element_type=\"widget\" data-e-type=\"widget\" data-widget_type=\"heading.default\">\n\t\t\t\t<div class=\"elementor-widget-container\">\n\t\t\t\t\t<p class=\"elementor-heading-title elementor-size-default\">NUESTRO COMPROMISO,  EL CONSUMIDOR<\/p>\t\t\t\t<\/div>\n\t\t\t\t<\/div>\n\t\t\t\t<div class=\"elementor-element elementor-element-95557bd elementor-widget elementor-widget-text-editor\" data-id=\"95557bd\" data-element_type=\"widget\" data-e-type=\"widget\" data-widget_type=\"text-editor.default\">\n\t\t\t\t<div class=\"elementor-widget-container\">\n\t\t\t\t\t\t\t\t\t<p><strong>Grupo AGF<\/strong>\u00a0colabora con la Fundaci\u00f3n\u00a0 Espa\u00f1ola del Coraz\u00f3n desde 2010,\u00a0 dentro del programa PASFEC, con el objetivo com\u00fan de sensibilizar sobre la\u00a0 importancia de la prevenci\u00f3n de las\u00a0 enfermedades coronarias. Como consecuencia del compromiso\u00a0 que\u00a0<strong>Sand\u00eda Fashion<\/strong>\u00a0quiere brindar al\u00a0 consumidor, estamos esforz\u00e1ndonos\u00a0 por ser, no solo una marca de\u00a0 sand\u00eda, sino una marca de salud. Las\u00a0 evidencias cient\u00edficas contrastadas\u00a0 en torno a los beneficios de esta\u00a0<strong>fruta saludable<\/strong>, sumadas a la incesante\u00a0 b\u00fasqueda de la excelencia que\u00a0 promueve\u00a0<strong>grupo AGF<\/strong>, impulsan\u00a0 nuestra pasi\u00f3n por hacer de tu\u00a0 alimentaci\u00f3n, una forma de vida sana y\u00a0 equilibrada.<\/p>\n<p><strong>Sand\u00eda Fashion<\/strong> es un producto reconocido por la Fundaci\u00f3n Espa\u00f1ola del Coraz\u00f3n, adherido al Programa Alimentaci\u00f3n y Salud\u00a0 (PASFEC) \u00a0por su bajo contenido en sodio. Este reconocimiento est\u00e1 plasmado en nuestra etiqueta con un\u00a0 sello que lo identifica.<\/p>\n\t\t\t\t\t\t\t\t<\/div>\n\t\t\t\t<\/div>\n\t\t\t\t\t<\/div>\n\t\t<\/div>\n\t\t\t\t\t<\/div>\n\t\t<\/section>\n\t\t\t\t\t<\/div>\n\t\t<\/div>\n\t\t\t\t\t<\/div>\n\t\t<\/section>\n\t\t\t\t<section class=\"elementor-section elementor-top-section elementor-element elementor-element-360ce235 elementor-section-height-min-height elementor-section-boxed elementor-section-height-default elementor-section-items-middle elementor-invisible\" data-id=\"360ce235\" data-element_type=\"section\" data-e-type=\"section\" data-settings=\"{&quot;background_background&quot;:&quot;classic&quot;,&quot;animation&quot;:&quot;slideInLeft&quot;}\">\n\t\t\t\t\t\t<div class=\"elementor-container elementor-column-gap-default\">\n\t\t\t\t\t<div class=\"elementor-column elementor-col-50 elementor-top-column elementor-element elementor-element-745e8039\" data-id=\"745e8039\" data-element_type=\"column\" data-e-type=\"column\">\n\t\t\t<div class=\"elementor-widget-wrap elementor-element-populated\">\n\t\t\t\t\t\t<div class=\"elementor-element elementor-element-dff96b7 elementor-widget elementor-widget-image\" data-id=\"dff96b7\" data-element_type=\"widget\" data-e-type=\"widget\" data-settings=\"{&quot;_animation&quot;:&quot;none&quot;}\" data-widget_type=\"image.default\">\n\t\t\t\t<div class=\"elementor-widget-container\">\n\t\t\t\t\t\t\t\t\t\t\t\t\t\t\t<img fetchpriority=\"high\" decoding=\"async\" width=\"800\" height=\"800\" src=\"https:\/\/www.sandiafashion.com\/wp-content\/uploads\/2021\/04\/sandia-1024x1024.png\" class=\"attachment-large size-large wp-image-8821\" alt=\"\" srcset=\"https:\/\/www.sandiafashion.com\/wp-content\/uploads\/2021\/04\/sandia-1024x1024.png 1024w, https:\/\/www.sandiafashion.com\/wp-content\/uploads\/2021\/04\/sandia-300x300.png 300w, https:\/\/www.sandiafashion.com\/wp-content\/uploads\/2021\/04\/sandia-150x150.png 150w, https:\/\/www.sandiafashion.com\/wp-content\/uploads\/2021\/04\/sandia-768x768.png 768w, https:\/\/www.sandiafashion.com\/wp-content\/uploads\/2021\/04\/sandia.png 1080w\" sizes=\"(max-width: 800px) 100vw, 800px\" \/>\t\t\t\t\t\t\t\t\t\t\t\t\t\t\t<\/div>\n\t\t\t\t<\/div>\n\t\t\t\t\t<\/div>\n\t\t<\/div>\n\t\t\t\t<div class=\"elementor-column elementor-col-50 elementor-top-column elementor-element elementor-element-7cb986e\" data-id=\"7cb986e\" data-element_type=\"column\" data-e-type=\"column\">\n\t\t\t<div class=\"elementor-widget-wrap\">\n\t\t\t\t\t\t\t<\/div>\n\t\t<\/div>\n\t\t\t\t\t<\/div>\n\t\t<\/section>\n\t\t\t\t<\/div>\n\t\t","protected":false},"excerpt":{"rendered":"<p>CHOISISSEZ VOTRE FASHION Si vous \u00eates arriv\u00e9 jusqu&rsquo;ici, f\u00e9licitations! Cela signifie que vous \u00eates une personne tr\u00e8s naturelle. Watermelon Fashi\u00f3n se marie parfaitement avec votre style de vie. Peu importe ce que c&rsquo;est: Si vous \u00eates un athl\u00e8te vous apportera &#8230; Si vous avez des enfants , nous savons que vous voulez le meilleur pour [&hellip;]<\/p>\n","protected":false},"author":10,"featured_media":8821,"parent":0,"menu_order":0,"comment_status":"closed","ping_status":"closed","template":"elementor_header_footer","meta":{"wprm-recipe-roundup-name":"","wprm-recipe-roundup-description":"","footnotes":""},"class_list":["post-6878","page","type-page","status-publish","has-post-thumbnail","hentry"],"yoast_head":"<!-- This site is optimized with the Yoast SEO plugin v27.4 - https:\/\/yoast.com\/product\/yoast-seo-wordpress\/ -->\n<title>D\u00e9couvrez notre gamme de produits - Sand\u00eda Fashion<\/title>\n<meta name=\"description\" content=\"Profitez des moments Fashion avec vos proches gr\u00e2ce \u00e0 une past\u00e8que naturelle, saine et sans p\u00e9pins. Quel est votre moment de mode ? Entrez et d\u00e9couvrez-le.\" \/>\n<meta name=\"robots\" content=\"index, follow, max-snippet:-1, max-image-preview:large, max-video-preview:-1\" \/>\n<link rel=\"canonical\" href=\"https:\/\/www.sandiafashion.com\/elige-tu-fashion\/\" \/>\n<meta property=\"og:locale\" content=\"fr_FR\" \/>\n<meta property=\"og:type\" content=\"article\" \/>\n<meta property=\"og:title\" content=\"D\u00e9couvrez notre gamme de produits - Sand\u00eda Fashion\" \/>\n<meta property=\"og:description\" content=\"Profitez des moments Fashion avec vos proches gr\u00e2ce \u00e0 une past\u00e8que naturelle, saine et sans p\u00e9pins. Quel est votre moment de mode ? Entrez et d\u00e9couvrez-le.\" \/>\n<meta property=\"og:url\" content=\"https:\/\/www.sandiafashion.com\/elige-tu-fashion\/\" \/>\n<meta property=\"og:site_name\" content=\"Sand\u00eda Fashion\" \/>\n<meta property=\"article:publisher\" content=\"https:\/\/es-es.facebook.com\/sandiafashion\" \/>\n<meta property=\"article:modified_time\" content=\"2024-09-12T11:02:26+00:00\" \/>\n<meta property=\"og:image\" content=\"https:\/\/www.sandiafashion.com\/wp-content\/uploads\/2021\/04\/sandia.png\" \/>\n\t<meta property=\"og:image:width\" content=\"1080\" \/>\n\t<meta property=\"og:image:height\" content=\"1080\" \/>\n\t<meta property=\"og:image:type\" content=\"image\/png\" \/>\n<meta name=\"twitter:card\" content=\"summary_large_image\" \/>\n<meta name=\"twitter:site\" content=\"@sandiafashion\" \/>\n<meta name=\"twitter:label1\" content=\"Dur\u00e9e de lecture estim\u00e9e\" \/>\n\t<meta name=\"twitter:data1\" content=\"5 minutes\" \/>\n<script type=\"application\/ld+json\" class=\"yoast-schema-graph\">{\"@context\":\"https:\\\/\\\/schema.org\",\"@graph\":[{\"@type\":\"WebPage\",\"@id\":\"https:\\\/\\\/www.sandiafashion.com\\\/elige-tu-fashion\\\/\",\"url\":\"https:\\\/\\\/www.sandiafashion.com\\\/elige-tu-fashion\\\/\",\"name\":\"D\u00e9couvrez notre gamme de produits - Sand\u00eda Fashion\",\"isPartOf\":{\"@id\":\"https:\\\/\\\/www.sandiafashion.com\\\/#website\"},\"primaryImageOfPage\":{\"@id\":\"https:\\\/\\\/www.sandiafashion.com\\\/elige-tu-fashion\\\/#primaryimage\"},\"image\":{\"@id\":\"https:\\\/\\\/www.sandiafashion.com\\\/elige-tu-fashion\\\/#primaryimage\"},\"thumbnailUrl\":\"https:\\\/\\\/www.sandiafashion.com\\\/wp-content\\\/uploads\\\/2021\\\/04\\\/sandia.png\",\"datePublished\":\"2021-02-20T22:53:57+00:00\",\"dateModified\":\"2024-09-12T11:02:26+00:00\",\"description\":\"Profitez des moments Fashion avec vos proches gr\u00e2ce \u00e0 une past\u00e8que naturelle, saine et sans p\u00e9pins. Quel est votre moment de mode ? Entrez et d\u00e9couvrez-le.\",\"breadcrumb\":{\"@id\":\"https:\\\/\\\/www.sandiafashion.com\\\/elige-tu-fashion\\\/#breadcrumb\"},\"inLanguage\":\"fr-FR\",\"potentialAction\":[{\"@type\":\"ReadAction\",\"target\":[\"https:\\\/\\\/www.sandiafashion.com\\\/elige-tu-fashion\\\/\"]}]},{\"@type\":\"ImageObject\",\"inLanguage\":\"fr-FR\",\"@id\":\"https:\\\/\\\/www.sandiafashion.com\\\/elige-tu-fashion\\\/#primaryimage\",\"url\":\"https:\\\/\\\/www.sandiafashion.com\\\/wp-content\\\/uploads\\\/2021\\\/04\\\/sandia.png\",\"contentUrl\":\"https:\\\/\\\/www.sandiafashion.com\\\/wp-content\\\/uploads\\\/2021\\\/04\\\/sandia.png\",\"width\":1080,\"height\":1080},{\"@type\":\"BreadcrumbList\",\"@id\":\"https:\\\/\\\/www.sandiafashion.com\\\/elige-tu-fashion\\\/#breadcrumb\",\"itemListElement\":[{\"@type\":\"ListItem\",\"position\":1,\"name\":\"Accueil\",\"item\":\"https:\\\/\\\/www.sandiafashion.com\\\/fr\\\/\"},{\"@type\":\"ListItem\",\"position\":2,\"name\":\"Choisissez votre Fashion\"}]},{\"@type\":\"WebSite\",\"@id\":\"https:\\\/\\\/www.sandiafashion.com\\\/#website\",\"url\":\"https:\\\/\\\/www.sandiafashion.com\\\/\",\"name\":\"Sand\u00eda Fashion\",\"description\":\"La sand\u00eda sin pepitas\",\"publisher\":{\"@id\":\"https:\\\/\\\/www.sandiafashion.com\\\/#organization\"},\"potentialAction\":[{\"@type\":\"SearchAction\",\"target\":{\"@type\":\"EntryPoint\",\"urlTemplate\":\"https:\\\/\\\/www.sandiafashion.com\\\/?s={search_term_string}\"},\"query-input\":{\"@type\":\"PropertyValueSpecification\",\"valueRequired\":true,\"valueName\":\"search_term_string\"}}],\"inLanguage\":\"fr-FR\"},{\"@type\":\"Organization\",\"@id\":\"https:\\\/\\\/www.sandiafashion.com\\\/#organization\",\"name\":\"Sand\u00eda Fashion\",\"url\":\"https:\\\/\\\/www.sandiafashion.com\\\/\",\"logo\":{\"@type\":\"ImageObject\",\"inLanguage\":\"fr-FR\",\"@id\":\"https:\\\/\\\/www.sandiafashion.com\\\/#\\\/schema\\\/logo\\\/image\\\/\",\"url\":\"https:\\\/\\\/www.sandiafashion.com\\\/wp-content\\\/uploads\\\/2016\\\/02\\\/sandia-fashion-logo.png\",\"contentUrl\":\"https:\\\/\\\/www.sandiafashion.com\\\/wp-content\\\/uploads\\\/2016\\\/02\\\/sandia-fashion-logo.png\",\"width\":719,\"height\":221,\"caption\":\"Sand\u00eda Fashion\"},\"image\":{\"@id\":\"https:\\\/\\\/www.sandiafashion.com\\\/#\\\/schema\\\/logo\\\/image\\\/\"},\"sameAs\":[\"https:\\\/\\\/es-es.facebook.com\\\/sandiafashion\",\"https:\\\/\\\/x.com\\\/sandiafashion\",\"https:\\\/\\\/www.instagram.com\\\/sandiafashionoficial\\\/?hl=es\",\"https:\\\/\\\/es.linkedin.com\\\/company\\\/grupo-agf\",\"https:\\\/\\\/www.youtube.com\\\/channel\\\/UCrRbYBZ2CkZWAwGMJiorj_Q\"]}]}<\/script>\n<!-- \/ Yoast SEO plugin. -->","yoast_head_json":{"title":"D\u00e9couvrez notre gamme de produits - Sand\u00eda Fashion","description":"Profitez des moments Fashion avec vos proches gr\u00e2ce \u00e0 une past\u00e8que naturelle, saine et sans p\u00e9pins. Quel est votre moment de mode ? Entrez et d\u00e9couvrez-le.","robots":{"index":"index","follow":"follow","max-snippet":"max-snippet:-1","max-image-preview":"max-image-preview:large","max-video-preview":"max-video-preview:-1"},"canonical":"https:\/\/www.sandiafashion.com\/elige-tu-fashion\/","og_locale":"fr_FR","og_type":"article","og_title":"D\u00e9couvrez notre gamme de produits - Sand\u00eda Fashion","og_description":"Profitez des moments Fashion avec vos proches gr\u00e2ce \u00e0 une past\u00e8que naturelle, saine et sans p\u00e9pins. Quel est votre moment de mode ? Entrez et d\u00e9couvrez-le.","og_url":"https:\/\/www.sandiafashion.com\/elige-tu-fashion\/","og_site_name":"Sand\u00eda Fashion","article_publisher":"https:\/\/es-es.facebook.com\/sandiafashion","article_modified_time":"2024-09-12T11:02:26+00:00","og_image":[{"width":1080,"height":1080,"url":"https:\/\/www.sandiafashion.com\/wp-content\/uploads\/2021\/04\/sandia.png","type":"image\/png"}],"twitter_card":"summary_large_image","twitter_site":"@sandiafashion","twitter_misc":{"Dur\u00e9e de lecture estim\u00e9e":"5 minutes"},"schema":{"@context":"https:\/\/schema.org","@graph":[{"@type":"WebPage","@id":"https:\/\/www.sandiafashion.com\/elige-tu-fashion\/","url":"https:\/\/www.sandiafashion.com\/elige-tu-fashion\/","name":"D\u00e9couvrez notre gamme de produits - Sand\u00eda Fashion","isPartOf":{"@id":"https:\/\/www.sandiafashion.com\/#website"},"primaryImageOfPage":{"@id":"https:\/\/www.sandiafashion.com\/elige-tu-fashion\/#primaryimage"},"image":{"@id":"https:\/\/www.sandiafashion.com\/elige-tu-fashion\/#primaryimage"},"thumbnailUrl":"https:\/\/www.sandiafashion.com\/wp-content\/uploads\/2021\/04\/sandia.png","datePublished":"2021-02-20T22:53:57+00:00","dateModified":"2024-09-12T11:02:26+00:00","description":"Profitez des moments Fashion avec vos proches gr\u00e2ce \u00e0 une past\u00e8que naturelle, saine et sans p\u00e9pins. Quel est votre moment de mode ? Entrez et d\u00e9couvrez-le.","breadcrumb":{"@id":"https:\/\/www.sandiafashion.com\/elige-tu-fashion\/#breadcrumb"},"inLanguage":"fr-FR","potentialAction":[{"@type":"ReadAction","target":["https:\/\/www.sandiafashion.com\/elige-tu-fashion\/"]}]},{"@type":"ImageObject","inLanguage":"fr-FR","@id":"https:\/\/www.sandiafashion.com\/elige-tu-fashion\/#primaryimage","url":"https:\/\/www.sandiafashion.com\/wp-content\/uploads\/2021\/04\/sandia.png","contentUrl":"https:\/\/www.sandiafashion.com\/wp-content\/uploads\/2021\/04\/sandia.png","width":1080,"height":1080},{"@type":"BreadcrumbList","@id":"https:\/\/www.sandiafashion.com\/elige-tu-fashion\/#breadcrumb","itemListElement":[{"@type":"ListItem","position":1,"name":"Accueil","item":"https:\/\/www.sandiafashion.com\/fr\/"},{"@type":"ListItem","position":2,"name":"Choisissez votre Fashion"}]},{"@type":"WebSite","@id":"https:\/\/www.sandiafashion.com\/#website","url":"https:\/\/www.sandiafashion.com\/","name":"Sand\u00eda Fashion","description":"La sand\u00eda sin pepitas","publisher":{"@id":"https:\/\/www.sandiafashion.com\/#organization"},"potentialAction":[{"@type":"SearchAction","target":{"@type":"EntryPoint","urlTemplate":"https:\/\/www.sandiafashion.com\/?s={search_term_string}"},"query-input":{"@type":"PropertyValueSpecification","valueRequired":true,"valueName":"search_term_string"}}],"inLanguage":"fr-FR"},{"@type":"Organization","@id":"https:\/\/www.sandiafashion.com\/#organization","name":"Sand\u00eda Fashion","url":"https:\/\/www.sandiafashion.com\/","logo":{"@type":"ImageObject","inLanguage":"fr-FR","@id":"https:\/\/www.sandiafashion.com\/#\/schema\/logo\/image\/","url":"https:\/\/www.sandiafashion.com\/wp-content\/uploads\/2016\/02\/sandia-fashion-logo.png","contentUrl":"https:\/\/www.sandiafashion.com\/wp-content\/uploads\/2016\/02\/sandia-fashion-logo.png","width":719,"height":221,"caption":"Sand\u00eda Fashion"},"image":{"@id":"https:\/\/www.sandiafashion.com\/#\/schema\/logo\/image\/"},"sameAs":["https:\/\/es-es.facebook.com\/sandiafashion","https:\/\/x.com\/sandiafashion","https:\/\/www.instagram.com\/sandiafashionoficial\/?hl=es","https:\/\/es.linkedin.com\/company\/grupo-agf","https:\/\/www.youtube.com\/channel\/UCrRbYBZ2CkZWAwGMJiorj_Q"]}]}},"_links":{"self":[{"href":"https:\/\/www.sandiafashion.com\/fr\/wp-json\/wp\/v2\/pages\/6878","targetHints":{"allow":["GET"]}}],"collection":[{"href":"https:\/\/www.sandiafashion.com\/fr\/wp-json\/wp\/v2\/pages"}],"about":[{"href":"https:\/\/www.sandiafashion.com\/fr\/wp-json\/wp\/v2\/types\/page"}],"author":[{"embeddable":true,"href":"https:\/\/www.sandiafashion.com\/fr\/wp-json\/wp\/v2\/users\/10"}],"replies":[{"embeddable":true,"href":"https:\/\/www.sandiafashion.com\/fr\/wp-json\/wp\/v2\/comments?post=6878"}],"version-history":[{"count":0,"href":"https:\/\/www.sandiafashion.com\/fr\/wp-json\/wp\/v2\/pages\/6878\/revisions"}],"wp:featuredmedia":[{"embeddable":true,"href":"https:\/\/www.sandiafashion.com\/fr\/wp-json\/wp\/v2\/media\/8821"}],"wp:attachment":[{"href":"https:\/\/www.sandiafashion.com\/fr\/wp-json\/wp\/v2\/media?parent=6878"}],"curies":[{"name":"wp","href":"https:\/\/api.w.org\/{rel}","templated":true}]}}